{"id":15,"date":"2016-09-30T10:46:02","date_gmt":"2016-09-30T08:46:02","guid":{"rendered":"https:\/\/www.studyhelp.de\/schule\/?page_id=15"},"modified":"2023-06-12T11:24:18","modified_gmt":"2023-06-12T09:24:18","slug":"bildungspaket","status":"publish","type":"page","link":"https:\/\/studyhelp.de\/abitur-ratgeber\/bildungspaket\/","title":{"rendered":"Bildungspaket"},"content":{"rendered":"<p>[vc_row][vc_column][vc_column_text]<\/p>\n<h4>Bildungspaket erm\u00f6glicht kostenlose Nachhilfe<\/h4>\n<p>Das Bildungspaket ist eine <strong>finanzielle Unterst\u00fctzung f\u00fcr Nachhilfe<\/strong>. Dieses wurde vom Staat f\u00fcr Sch\u00fclerinnen und Sch\u00fcler entwickelt, die in ihrer schulischen Laufbahn zus\u00e4tzliche Lernf\u00f6rderung ben\u00f6tigen. Diese F\u00f6rderung muss durch die Eltern des Sch\u00fclers im Jobcenter oder im Rathaus der jeweiligen Stadt beantragt werden.<\/p>\n<p>Besonders Sch\u00fclerinnen und Sch\u00fcler deren Eltern <strong>Arbeitslosengeld<\/strong> beantragen haben eine <strong>hohe Chance<\/strong> auf ein Bildungspaket. Hierzu findest du in den folgenden Abschnitten alle n\u00f6tigen Informationen mit denen du das Paket beantragen kannst.<\/p>\n<h4>Wer kann das Bildungspaket f\u00fcr Nachhilfe beantragen?<\/h4>\n<p>F\u00fcr Eltern die folgende Kriterien erf\u00fcllen kann\u00a0 der Antrag im Jobcenter gestellt werden :<\/p>\n<ul>\n<li><strong>Arbeitsuchend<\/strong> oder<\/li>\n<li>Bezug von <strong>Arbeitslosengeld<\/strong> oder <strong>Sozialgeld<\/strong>.<\/li>\n<\/ul>\n<p>F\u00fcr Familien die <strong>Sozialhilfe<\/strong>, <strong>Wohngeld<\/strong> oder den <strong>Kinderzuschlag<\/strong> erhalten gibt es weitere Informationen im\u00a0Rathaus, B\u00fcrgeramt oder auch bei der Kreisverwaltung.<\/p>\n<p>Die Bundesagentur f\u00fcr Arbeit stellt <a href=\"https:\/\/www.arbeitsagentur.de\/familie-und-kinder\/informationen-zum-bildungspaket\">HIER<\/a>\u00a0 zus\u00e4tzlich weitere Informationen zur Verf\u00fcgung.<\/p>\n<h4>Wie stelle ich den Antrag auf finanzielle Unterst\u00fctzung f\u00fcr Nachhilfe?<\/h4>\n<ul>\n<li>Nach Kontaktaufnahme mit dem zust\u00e4ndigen Amt wird von diesem ein Antragsformular ausgeh\u00e4ndigt. Diesen m\u00fcssen die Eltern ausf\u00fcllen.<\/li>\n<\/ul>\n<ul>\n<li>Der Lernf\u00f6rderungsbedarf muss im Anschluss von einem Fachlehrer bescheinigt werden.<\/li>\n<\/ul>\n<ul>\n<li>Die Bescheinigung und der ausgef\u00fcllte Antrag muss im n\u00e4chsten Schritt beim Amt eingereicht werden. Dieser wird im Anschluss bearbeitet.<\/li>\n<\/ul>\n<ul>\n<li>Wird der Antrag auf Finanzierung von Lernf\u00f6rderung vom Amt genehmigt muss im letzten Schritt nur noch eine geeignete Lernf\u00f6rderung gefunden werden.<\/li>\n<\/ul>\n<p>&nbsp;<\/p>\n<h4>F\u00fcr welche Art von Lernf\u00f6rderung kann der Antrag gestellt werden?<\/h4>\n<p>Neben klassischen Lehrangeboten ist der Antrag auch f\u00fcr unsere <a href=\"https:\/\/www.studyhelp.de\/mathe-abitur-intensivkurse\">Intensivkurse<\/a> geeignet. Das hei\u00dft, dass die Kosten f\u00fcr unseren Intensivkurs durch das Bildungspaket gedeckt werden. Dies macht besonders Sinn, wenn das Fach Mathe eines deiner schw\u00e4cheren F\u00e4cher ist. Informationen zu unseren Intensivkursen findet ihr auf <a href=\"https:\/\/www.studyhelp.de\">www.studyhelp.de<\/a>.<\/p>\n<p>Daher empfehlen wir euch einen Antrag auf das Bildungspaket zu stellen, falls eure Eltern sich in einer schwierigen finanziellen Situation befinden.<\/p>\n<p>Auch wir stehen als Ansprechpartner f\u00fcr weitere Informationen \u00fcber die kostenlose Nachhilfe und das Bildungspaket zur Verf\u00fcgung.<\/p>\n<p><a href=\"https:\/\/www.studyhelp.de\/mathe-abitur-intensivkurs?utm_source=Abiturratgeber&amp;utm_medium=Intensivkurse+-+Mathe&amp;utm_campaign=Abiturratgeber\"><img decoding=\"async\" loading=\"lazy\" class=\"aligncenter wp-image-3209 size-full\" src=\"http:\/\/www.studyhelp.de\/abitur-ratgeber\/wp-content\/uploads\/2023\/06\/Kurse.png\" alt=\"https:\/\/www.studyhelp.de\/mathe-abitur-intensivkurs?utm_source=Abiturratgeber&amp;utm_medium=Intensivkurse+-+Mathe&amp;utm_campaign=Abiturratgeber\" width=\"2804\" height=\"400\" srcset=\"https:\/\/studyhelp.de\/abitur-ratgeber\/wp-content\/uploads\/2023\/06\/Kurse.png 2804w, https:\/\/studyhelp.de\/abitur-ratgeber\/wp-content\/uploads\/2023\/06\/Kurse-300x43.png 300w, https:\/\/studyhelp.de\/abitur-ratgeber\/wp-content\/uploads\/2023\/06\/Kurse-1024x146.png 1024w, https:\/\/studyhelp.de\/abitur-ratgeber\/wp-content\/uploads\/2023\/06\/Kurse-768x110.png 768w, https:\/\/studyhelp.de\/abitur-ratgeber\/wp-content\/uploads\/2023\/06\/Kurse-1536x219.png 1536w, https:\/\/studyhelp.de\/abitur-ratgeber\/wp-content\/uploads\/2023\/06\/Kurse-2048x292.png 2048w\" sizes=\"(max-width: 2804px) 100vw, 2804px\" \/><\/a>[\/vc_column_text][\/vc_column][\/vc_row][vc_row][vc_column width=&#8220;1\/1&#8243;][\/vc_column][\/vc_row][vc_row][vc_column width=&#8220;1\/1&#8243;][\/vc_column][\/vc_row]<\/p>\n","protected":false},"excerpt":{"rendered":"<p>[vc_row][vc_column][vc_column_text] Bildungspaket erm\u00f6glicht kostenlose Nachhilfe Das Bildungspaket ist eine finanzielle Unterst\u00fctzung f\u00fcr Nachhilfe. Dieses wurde vom Staat f\u00fcr Sch\u00fclerinnen und Sch\u00fcler entwickelt, die in ihrer schulischen Laufbahn zus\u00e4tzliche Lernf\u00f6rderung ben\u00f6tigen. Diese F\u00f6rderung muss durch die Eltern des Sch\u00fclers im Jobcenter oder im Rathaus der jeweiligen Stadt beantragt werden. Besonders Sch\u00fclerinnen und Sch\u00fcler deren Eltern Arbeitslosengeld [&hellip;]<\/p>\n","protected":false},"author":1,"featured_media":0,"parent":0,"menu_order":0,"comment_status":"closed","ping_status":"closed","template":"","meta":[],"_links":{"self":[{"href":"https:\/\/studyhelp.de\/abitur-ratgeber\/wp-json\/wp\/v2\/pages\/15"}],"collection":[{"href":"https:\/\/studyhelp.de\/abitur-ratgeber\/wp-json\/wp\/v2\/pages"}],"about":[{"href":"https:\/\/studyhelp.de\/abitur-ratgeber\/wp-json\/wp\/v2\/types\/page"}],"author":[{"embeddable":true,"href":"https:\/\/studyhelp.de\/abitur-ratgeber\/wp-json\/wp\/v2\/users\/1"}],"replies":[{"embeddable":true,"href":"https:\/\/studyhelp.de\/abitur-ratgeber\/wp-json\/wp\/v2\/comments?post=15"}],"version-history":[{"count":40,"href":"https:\/\/studyhelp.de\/abitur-ratgeber\/wp-json\/wp\/v2\/pages\/15\/revisions"}],"predecessor-version":[{"id":3328,"href":"https:\/\/studyhelp.de\/abitur-ratgeber\/wp-json\/wp\/v2\/pages\/15\/revisions\/3328"}],"wp:attachment":[{"href":"https:\/\/studyhelp.de\/abitur-ratgeber\/wp-json\/wp\/v2\/media?parent=15"}],"curies":[{"name":"wp","href":"https:\/\/api.w.org\/{rel}","templated":true}]}}