{"id":2441,"date":"2018-11-20T09:16:23","date_gmt":"2018-11-20T08:16:23","guid":{"rendered":"https:\/\/www.studyhelp.de\/schule\/?page_id=2441"},"modified":"2023-06-12T11:08:15","modified_gmt":"2023-06-12T09:08:15","slug":"abiturfaecher","status":"publish","type":"page","link":"https:\/\/studyhelp.de\/abitur-ratgeber\/abiturfaecher\/","title":{"rendered":"Abiturf\u00e4cher"},"content":{"rendered":"<p>[vc_row][vc_column width=&#8220;1\/1&#8243;][vc_column_text]Vor dem Abitur musst du dir \u00fcberlegen, welche Abiturf\u00e4cher du f\u00fcr deine Pr\u00fcfung w\u00e4hlst. Wie viele das sind und ob sie sich in Leistungs- und Grundkurse aufteilen, h\u00e4ngt vom jeweiligen Bundesland ab, in dem du die Pr\u00fcfung ablegst. Als Leistungskurse solltest du Kurse w\u00e4hlen, in denen du besonders gut bist, da sie bei der Endnote schwerer ins Gewicht fallen, als die Grundkurse. Gegebenenfalls musst du auch eine m\u00fcndliche Pr\u00fcfung ablegen. In dem Fall \u00fcberlegst du dir im Vorhinein, welches Fach sich speziell f\u00fcr dich besonders gut eignet, um in einer m\u00fcndlichen Pr\u00fcfungssituation besonders gut abzuschneiden.<\/p>\n<p>&nbsp;<\/p>\n<h2><strong>M\u00f6gliche Kombinationen der Abiturf\u00e4cher<\/strong><\/h2>\n<p>Welche F\u00e4cherkombination du f\u00fcr deine Abiturpr\u00fcfung w\u00e4hlen kannst h\u00e4ngt von dem Bundesland ab, in dem du das Abitur machst. Meistens musst du jedoch mindestens einen Kurs aus jedem der folgenden Bereiche w\u00e4hlen:[\/vc_column_text][\/vc_column][\/vc_row][vc_row][vc_column width=&#8220;1\/1&#8243;]<div class=\"spacer\" style=\"height: 40px;\"><\/div>[\/vc_column][\/vc_row][vc_row][vc_column width=&#8220;1\/3&#8243;]<div class=\"minti_list wpb_content_element color-grey point\" style=\"\">\n<h5><strong>Gesellschafts-<br \/>\n<\/strong><strong>wissenschaften<\/strong><\/h5>\n<ul>\n<li>Geschichte<\/li>\n<li>Erdkunde\/Geographie<\/li>\n<li>Philosophie<\/li>\n<li>Sozialwissenschaften<\/li>\n<li>Politik\/Wirtschaft<\/li>\n<li>Erziehungswissenschaft<\/li>\n<li>Psychologie<\/li>\n<\/ul>\n<\/div>[\/vc_column][vc_column width=&#8220;1\/3&#8243;]<div class=\"minti_list wpb_content_element color-grey point\" style=\"\">\n<h5><strong>Mathematik\/<\/strong><strong>Natur-<br \/>\nwissenschaften<\/strong><\/h5>\n<ul>\n<li>Mathe<\/li>\n<li>Biologie<\/li>\n<li>Physik<\/li>\n<li>Chemie<\/li>\n<li>Informatik<\/li>\n<li>Technik<\/li>\n<li>Ern\u00e4hrungslehre<\/li>\n<\/ul>\n<\/div>[\/vc_column][vc_column width=&#8220;1\/3&#8243;]<div class=\"minti_list wpb_content_element color-grey point\" style=\"\">\n<h5><strong>Sprache\/Literatur\/<br \/>\nKunst<\/strong><\/h5>\n<ul>\n<li>Deutsch<\/li>\n<li>Kunst<\/li>\n<li>Musik<\/li>\n<li>Englisch<\/li>\n<li>Franz\u00f6sisch<\/li>\n<li>Niederl\u00e4ndisch<\/li>\n<li>&#8230; und weitere Fremdsprachen<\/li>\n<\/ul>\n<\/div>[\/vc_column][\/vc_row][vc_row][vc_column width=&#8220;1\/1&#8243;]<div class=\"spacer\" style=\"height: 40px;\"><\/div>[\/vc_column][\/vc_row][vc_row][vc_column width=&#8220;1\/1&#8243;][vc_column_text]<\/p>\n<h2><strong>Themen der Abiturf\u00e4cher<\/strong><\/h2>\n<p>In <a href=\"https:\/\/www.studyhelp.de\/abitur-ratgeber\/mathe-abitur-themen\/\" target=\"_blank\" rel=\"noopener noreferrer\">Mathe<\/a> erwartet dich im Abitur zum Beispiel <a href=\"https:\/\/www.studyhelp.de\/online-lernen\/mathe\/analysis\/\" target=\"_blank\" rel=\"noopener noreferrer\">Analysis<\/a>, <a href=\"https:\/\/www.studyhelp.de\/online-lernen\/mathe\/geometrie\/\" target=\"_blank\" rel=\"noopener noreferrer\">Geometrie<\/a> und <a href=\"https:\/\/www.studyhelp.de\/online-lernen\/mathe\/stochastik\/\" target=\"_blank\" rel=\"noopener noreferrer\">Stochastik<\/a>. In <a href=\"https:\/\/www.studyhelp.de\/abitur-ratgeber\/biologie-abitur-themen\/\" target=\"_blank\" rel=\"noopener noreferrer\">Biologie<\/a> umfassen die Themenbereiche Zytologie, Genetik, Evolution, \u00d6kologie und Neurologie. F\u00fcr das Abitur in <a href=\"https:\/\/www.studyhelp.de\/abitur-ratgeber\/deutsch-abitur-themen\/\" target=\"_blank\" rel=\"noopener noreferrer\">Deutsch<\/a> musst du dich sowohl mit Erz\u00e4hlperspektiven und <a href=\"https:\/\/www.studyhelp.de\/online-lernen\/deutsch\/rhetorische-mittel\/\" target=\"_blank\" rel=\"noopener noreferrer\">rhetorischen Mitteln<\/a>, als auch mit diversen Epochen, <a href=\"https:\/\/www.studyhelp.de\/online-lernen\/deutsch\/sachtextanalyse\/\" target=\"_blank\" rel=\"noopener noreferrer\">Sachtexten<\/a>&#8211; und <a href=\"https:\/\/www.studyhelp.de\/online-lernen\/deutsch\/gedichtanalyse\/\" target=\"_blank\" rel=\"noopener noreferrer\">Gedichtanalysen<\/a> befassen. In <a href=\"https:\/\/www.studyhelp.de\/online-lernen\/geschichte\/\" target=\"_blank\" rel=\"noopener noreferrer\">Geschichte<\/a> musst du dich zum Beispiel mit <a href=\"https:\/\/www.studyhelp.de\/online-lernen\/geschichte\/textquellen-untersuchen\/\" target=\"_blank\" rel=\"noopener noreferrer\">Text-<\/a> und <a href=\"https:\/\/www.studyhelp.de\/online-lernen\/geschichte\/bildquellen-untersuchen\/\" target=\"_blank\" rel=\"noopener noreferrer\">Bildquellen<\/a> besch\u00e4ftigen, diese analysieren und in Kontexte einordnen. Die <a href=\"https:\/\/www.studyhelp.de\/abitur-ratgeber\/chemie-abitur-themen\/\" target=\"_blank\" rel=\"noopener noreferrer\">Chemie<\/a> umfasst im Abitur <a href=\"https:\/\/www.studyhelp.de\/online-lernen\/chemie\/anorganische-chemie\/\" target=\"_blank\" rel=\"noopener noreferrer\">anorganische<\/a> und <a href=\"https:\/\/www.studyhelp.de\/online-lernen\/chemie\/organische-chemie\/\" target=\"_blank\" rel=\"noopener noreferrer\">organische Chemie<\/a>.<\/p>\n<p>Aber beachte: Welche Themen explizit in den jeweiligen Abiturf\u00e4chern gepr\u00fcft werden h\u00e4ngt ebenfalls vom Bundesland ab! Eine \u00dcbersicht der Themen in den Bereichen <a href=\"https:\/\/www.studyhelp.de\/abitur-ratgeber\/mathe-abitur-themen\/\" target=\"_blank\" rel=\"noopener noreferrer\">Mathe<\/a>, <a href=\"https:\/\/www.studyhelp.de\/abitur-ratgeber\/biologie-abitur-themen\/\" target=\"_blank\" rel=\"noopener noreferrer\">Biologie<\/a>, <a href=\"https:\/\/www.studyhelp.de\/abitur-ratgeber\/deutsch-abitur-themen\/\" target=\"_blank\" rel=\"noopener noreferrer\">Deutsch<\/a>, <a href=\"https:\/\/www.studyhelp.de\/online-lernen\/geschichte\/\" target=\"_blank\" rel=\"noopener noreferrer\">Geschichte<\/a> und Chemie, die in den meisten Bundesl\u00e4ndern relevant sind, haben wir im <a href=\"https:\/\/www.studyhelp.de\/online-lernen\/\">StudyHelp Online Lernen<\/a> Portal\u00a0f\u00fcr dich ausf\u00fchrlich zusammengefasst.<\/p>\n<p>[\/vc_column_text][vc_single_image image=&#8220;3204&#8243; img_size=&#8220;full&#8220; alignment=&#8220;center&#8220; onclick=&#8220;custom_link&#8220; link=&#8220;https:\/\/shop.studyhelp.de?utm_source=Abiturratgeber&amp;utm_medium=Startseite+-+shop.studyhelp.de&amp;utm_campaign=Abiturratgeber&#8220;]<div class=\"spacer\" style=\"height: 40px;\"><\/div>[\/vc_column][\/vc_row][vc_row][vc_column width=&#8220;1\/1&#8243;][vc_column_text]<\/p>\n<h2><strong>Lernmaterialien f\u00fcr deine Abiturf\u00e4cher<\/strong><\/h2>\n<p>Im <a href=\"https:\/\/www.studyhelp.de\/online-lernen\/\">Online Lernen Portal<\/a> findest du neben einer \u00dcbersicht der Abitur-Themen auch zus\u00e4tzliche Informationen \u00fcber die Inhalte, sowie kostenlose Erkl\u00e4r-Videos und Beispiel\u00fcbungen zu den eben erw\u00e4hnten Themen. Zus\u00e4tzlich kannst du unsere <a href=\"https:\/\/www.studyhelp.de\/shop\/\">Lernhefte<\/a> nutzen, um dich ideal auf die Abiturpr\u00fcfung vorzubereiten. Wir haben Hefte zu mathematischen Themen wie Stochastik, Analysis, linearer Algebra und analytischer Geometrie, aber auch Lernhefte f\u00fcr Deutsch, Geschichte, Biologie und organische, sowie anorganische Chemie.<\/p>\n<p>Mit dem kostenlosen <a href=\"https:\/\/lerncheck.studyhelp.de\/\">StudyHelp Lerncheck<\/a> kannst du deinen Lernerfolg in Mathe, Biologie und Deutsch \u00fcberpr\u00fcfen. So findest du schnell und einfach heraus, wo noch Lernbedarf besteht.<\/p>\n<p>In unseren <a href=\"https:\/\/www.studyhelp.de\" target=\"_blank\" rel=\"noopener noreferrer\">Abitur Intensivkursen<\/a> helfen dir unsere Coaches, falls du doch noch Probleme haben solltest. Damit bist du rundum gut vorbereitet f\u00fcrs Abitur.<\/p>\n<p>Falls du Tipps f\u00fcr deine <a href=\"https:\/\/www.studyhelp.de\/abitur-ratgeber\/abiturvorbereitung\/\" target=\"_blank\" rel=\"noopener noreferrer\">Abiturvorbereitung<\/a> ben\u00f6tigst, findest du sie <a href=\"https:\/\/www.studyhelp.de\/abitur-ratgeber\/abiturvorbereitung\/\" target=\"_blank\" rel=\"noopener noreferrer\">hier<\/a>.[\/vc_column_text][\/vc_column][\/vc_row][vc_row][vc_column width=&#8220;1\/1&#8243;]<div class=\"spacer\" style=\"height: 40px;\"><\/div>[\/vc_column][\/vc_row][vc_row][vc_column width=&#8220;1\/1&#8243;][vc_single_image image=&#8220;3209&#8243; img_size=&#8220;full&#8220; alignment=&#8220;center&#8220; onclick=&#8220;custom_link&#8220; link=&#8220;https:\/\/www.studyhelp.de\/mathe-abitur-intensivkurs?utm_source=Abiturratgeber&amp;utm_medium=Intensivkurse+-+Mathe&amp;utm_campaign=Abiturratgeber&#8220;][\/vc_column][\/vc_row]<\/p>\n","protected":false},"excerpt":{"rendered":"<p>[vc_row][vc_column width=&#8220;1\/1&#8243;][vc_column_text]Vor dem Abitur musst du dir \u00fcberlegen, welche Abiturf\u00e4cher du f\u00fcr deine Pr\u00fcfung w\u00e4hlst. Wie viele das sind und ob sie sich in Leistungs- und Grundkurse aufteilen, h\u00e4ngt vom jeweiligen Bundesland ab, in dem du die Pr\u00fcfung ablegst. Als Leistungskurse solltest du Kurse w\u00e4hlen, in denen du besonders gut bist, da sie bei der [&hellip;]<\/p>\n","protected":false},"author":9,"featured_media":0,"parent":0,"menu_order":0,"comment_status":"closed","ping_status":"closed","template":"","meta":[],"_links":{"self":[{"href":"https:\/\/studyhelp.de\/abitur-ratgeber\/wp-json\/wp\/v2\/pages\/2441"}],"collection":[{"href":"https:\/\/studyhelp.de\/abitur-ratgeber\/wp-json\/wp\/v2\/pages"}],"about":[{"href":"https:\/\/studyhelp.de\/abitur-ratgeber\/wp-json\/wp\/v2\/types\/page"}],"author":[{"embeddable":true,"href":"https:\/\/studyhelp.de\/abitur-ratgeber\/wp-json\/wp\/v2\/users\/9"}],"replies":[{"embeddable":true,"href":"https:\/\/studyhelp.de\/abitur-ratgeber\/wp-json\/wp\/v2\/comments?post=2441"}],"version-history":[{"count":33,"href":"https:\/\/studyhelp.de\/abitur-ratgeber\/wp-json\/wp\/v2\/pages\/2441\/revisions"}],"predecessor-version":[{"id":3318,"href":"https:\/\/studyhelp.de\/abitur-ratgeber\/wp-json\/wp\/v2\/pages\/2441\/revisions\/3318"}],"wp:attachment":[{"href":"https:\/\/studyhelp.de\/abitur-ratgeber\/wp-json\/wp\/v2\/media?parent=2441"}],"curies":[{"name":"wp","href":"https:\/\/api.w.org\/{rel}","templated":true}]}}