{"id":2711,"date":"2019-10-17T10:00:53","date_gmt":"2019-10-17T08:00:53","guid":{"rendered":"https:\/\/www.studyhelp.de\/abitur-ratgeber\/?page_id=2711"},"modified":"2023-06-12T11:16:27","modified_gmt":"2023-06-12T09:16:27","slug":"mathe-abitur-themen","status":"publish","type":"page","link":"https:\/\/studyhelp.de\/abitur-ratgeber\/mathe-abitur-themen\/","title":{"rendered":"Mathe Abitur Themen"},"content":{"rendered":"<p>[vc_row top_padding=&#8220;0&#8243; bottom_padding=&#8220;0&#8243; full_height=&#8220;true&#8220; content_placement=&#8220;top&#8220;][vc_column width=&#8220;1\/1&#8243;][vc_tta_tabs][vc_tta_section title=&#8220;Allgemeines&#8220; tab_id=&#8220;1663072231897-45d4ff27-3948&#8243;][vc_column_text]Die Themen der Mathe Abiturpr\u00fcfung k\u00f6nnen sich von Jahr zu Jahr und von Bundesland zu Bundesland gewaltig unterscheiden. Daher ist es ganz wichtig, dass du genau wei\u00dft, welche Inhalte f\u00fcr dich pers\u00f6nlich relevant sind. Der einfachste und sicherste Weg ist in der Regel, deine\/n Mathe-Lehrer\/in zu fragen. Weitere Inspiration kannst du dir im Internet holen: Google dazu am Besten mal nach den Vorgaben deines Bundeslandes. Auf der Seite des Bildungsministeriums solltest du schnell f\u00fcndig werden.<\/p>\n<p>In den folgenden Reitern haben wir dir eine \u00dcbersicht aller Themen nach Themengebieten zusammengestellt. Mit einem Klick auf den jeweiligen Punkt gelangst du zum kostenlosen Lernportal \u201eOnline-Lernen\u201c von StudyHelp, wo du dir die Inhalte theoretisch direkt aneignen kannst.<\/p>\n<p><strong>Zu viele Themen zum Selberlernen?<\/strong><br \/>\nDa geht es nicht nur dir so! StudyHelp bietet neben dem kostenlosen Lernportal noch zwei weitere M\u00f6glichkeiten f\u00fcr die Bio-Vorbereitung an, welche dir ein bisschen Struktur geben d\u00fcrften:<\/p>\n<ol>\n<li><strong>Mathe Abitur Intensivkurs: Das Mathe-Gesamtpaket mit Daniel Jung!<\/strong><br \/>\nDrei Tage Kursunterricht je nach deiner Pr\u00e4ferenz in deiner Stadt oder online: Dein Coach f\u00fchrt dich jeweils 7 Stunden durch alle Inhalte des Mathe Abiturs. Ihr rechnet gemeinsam Aufgaben und k\u00f6nnt alle Fragen stellen. Dazu gibt&#8217;s neben einem umfangreichen Kursbuch auch noch vollen Zugang zum Mathe Abitur Onlinekurs!<br \/>\n<a href=\"https:\/\/www.studyhelp.de\/mathe-abitur-intensivkurs?utm_source=Abiturratgeber&amp;utm_medium=Intensivkurse+-+Mathe&amp;utm_campaign=Abiturratgeber\"><img decoding=\"async\" loading=\"lazy\" class=\"aligncenter wp-image-3209 size-full\" src=\"http:\/\/www.studyhelp.de\/abitur-ratgeber\/wp-content\/uploads\/2023\/06\/Kurse.png\" alt=\"https:\/\/www.studyhelp.de\/mathe-abitur-intensivkurs?utm_source=Abiturratgeber&amp;utm_medium=Intensivkurse+-+Mathe&amp;utm_campaign=Abiturratgeber \" width=\"2804\" height=\"400\" srcset=\"https:\/\/studyhelp.de\/abitur-ratgeber\/wp-content\/uploads\/2023\/06\/Kurse.png 2804w, https:\/\/studyhelp.de\/abitur-ratgeber\/wp-content\/uploads\/2023\/06\/Kurse-300x43.png 300w, https:\/\/studyhelp.de\/abitur-ratgeber\/wp-content\/uploads\/2023\/06\/Kurse-1024x146.png 1024w, https:\/\/studyhelp.de\/abitur-ratgeber\/wp-content\/uploads\/2023\/06\/Kurse-768x110.png 768w, https:\/\/studyhelp.de\/abitur-ratgeber\/wp-content\/uploads\/2023\/06\/Kurse-1536x219.png 1536w, https:\/\/studyhelp.de\/abitur-ratgeber\/wp-content\/uploads\/2023\/06\/Kurse-2048x292.png 2048w\" sizes=\"(max-width: 2804px) 100vw, 2804px\" \/><\/a><div class=\"spacer\" style=\"height: 40px;\"><\/div><\/li>\n<li><strong>Mathe Abitur Onlinekurs: F\u00fcr Selbstlerner geeignet!<\/strong><br \/>\nMit dem interaktiven Kurs bist du dazu in der Lage, dir die abiturrelevanten Themen selbstst\u00e4ndig zu erarbeiten, zu vertiefen oder zu festigen \u2013 <strong>in deinem ganz pers\u00f6nlichen Tempo<\/strong>. Dabei kannst du jederzeit deinen <strong>Lernfortschritt verfolgen<\/strong>. Dieser Kurs ist eine super Unterst\u00fctzung zum Schulalltag und begleitet dich bestens in deiner finalen Schulphase!<br \/>\n<a href=\"https:\/\/shop.studyhelp.de\/collections\/onlinekurse-abitur?utm_source=Abiturratgeber&amp;utm_medium=Lernplattform+-+Abi+collection&amp;utm_campaign=Abiturratgeber \"><img decoding=\"async\" loading=\"lazy\" class=\"aligncenter wp-image-3206 size-full\" src=\"http:\/\/www.studyhelp.de\/abitur-ratgeber\/wp-content\/uploads\/2023\/06\/Lernplattform.png\" alt=\"https:\/\/shop.studyhelp.de\/collections\/onlinekurse-abitur?utm_source=Abiturratgeber&amp;utm_medium=Lernplattform+-+Abi+collection&amp;utm_campaign=Abiturratgeber\" width=\"2802\" height=\"389\" srcset=\"https:\/\/studyhelp.de\/abitur-ratgeber\/wp-content\/uploads\/2023\/06\/Lernplattform.png 2802w, https:\/\/studyhelp.de\/abitur-ratgeber\/wp-content\/uploads\/2023\/06\/Lernplattform-300x42.png 300w, https:\/\/studyhelp.de\/abitur-ratgeber\/wp-content\/uploads\/2023\/06\/Lernplattform-1024x142.png 1024w, https:\/\/studyhelp.de\/abitur-ratgeber\/wp-content\/uploads\/2023\/06\/Lernplattform-768x107.png 768w, https:\/\/studyhelp.de\/abitur-ratgeber\/wp-content\/uploads\/2023\/06\/Lernplattform-1536x213.png 1536w, https:\/\/studyhelp.de\/abitur-ratgeber\/wp-content\/uploads\/2023\/06\/Lernplattform-2048x284.png 2048w\" sizes=\"(max-width: 2802px) 100vw, 2802px\" \/><\/a><\/li>\n<\/ol>\n<p>&nbsp;<\/p>\n<p>Egal f\u00fcr welche Lernmethode du dich entscheidest: Wir sind uns sicher, dass du das schaffst![\/vc_column_text][\/vc_tta_section][vc_tta_section i_position=&#8220;right&#8220; i_icon_fontawesome=&#8220;fa fa-arrow-down&#8220; add_icon=&#8220;true&#8220; title=&#8220;Analysis&#8220; tab_id=&#8220;1&#8243;]<div class=\"minti_list wpb_content_element color-grey circle\" style=\"\">\n<ul>\n<li class=\"single\"><a href=\"https:\/\/www.studyhelp.de\/online-lernen\/mathe\/analysis-grundlagen\/\" target=\"_blank\" rel=\"noopener noreferrer\">Grundlagen<\/a><\/li>\n<li class=\"single\"><a href=\"https:\/\/www.studyhelp.de\/online-lernen\/mathe\/funktionen\/\" target=\"_blank\" rel=\"noopener noreferrer\">Funktionen Grundlagen<\/a><\/li>\n<li class=\"single\"><a href=\"https:\/\/www.studyhelp.de\/online-lernen\/mathe\/sekante-tangente-normale\/\" target=\"_blank\" rel=\"noopener noreferrer\">Sekante, Tangente und Normale<\/a><\/li>\n<li class=\"single\"><a href=\"https:\/\/www.studyhelp.de\/online-lernen\/mathe\/ableiten\/\" target=\"_blank\" rel=\"noopener noreferrer\">Ableiten<\/a><\/li>\n<li class=\"single\"><a href=\"https:\/\/www.studyhelp.de\/online-lernen\/mathe\/gleichungen-loesen\/\" target=\"_blank\" rel=\"noopener noreferrer\">Gleichungen l\u00f6sen<\/a><\/li>\n<li class=\"single\"><a href=\"https:\/\/www.studyhelp.de\/online-lernen\/mathe\/kurvendiskussion\/\" target=\"_blank\" rel=\"noopener noreferrer\">Kurvendiskussion<\/a><\/li>\n<li class=\"single\"><a href=\"https:\/\/www.studyhelp.de\/online-lernen\/mathe\/lgs-loesen\/\" target=\"_blank\" rel=\"noopener noreferrer\">Lineare Gleichungssysteme<\/a><\/li>\n<li class=\"single\"><a href=\"https:\/\/www.studyhelp.de\/online-lernen\/mathe\/steckbriefaufgaben\/\" target=\"_blank\" rel=\"noopener noreferrer\">Steckbriefaufgaben<\/a><\/li>\n<li class=\"single\"><a href=\"https:\/\/www.studyhelp.de\/online-lernen\/mathe\/extremwertprobleme\/\" target=\"_blank\" rel=\"noopener noreferrer\">Extremwertprobleme<\/a><\/li>\n<li class=\"single\"><a href=\"https:\/\/www.studyhelp.de\/online-lernen\/mathe\/e-funktion\/\" target=\"_blank\" rel=\"noopener noreferrer\">e-Funktion<\/a><\/li>\n<li class=\"single\"><a href=\"https:\/\/www.studyhelp.de\/online-lernen\/mathe\/ln-funktion\/\" target=\"_blank\" rel=\"noopener noreferrer\">ln-Funktion<\/a><\/li>\n<li class=\"single\"><a href=\"https:\/\/www.studyhelp.de\/online-lernen\/mathe\/rationale-funktionen\/\" target=\"_blank\" rel=\"noopener noreferrer\">Rationale Funktionen (Bruchfunktion)<\/a><\/li>\n<li class=\"single\"><a href=\"https:\/\/www.studyhelp.de\/online-lernen\/mathe\/integralrechnung\/\" target=\"_blank\" rel=\"noopener noreferrer\">Integralrechnung<\/a><\/li>\n<li class=\"single\"><a href=\"https:\/\/www.studyhelp.de\/online-lernen\/mathe\/funktionsschar\/\" target=\"_blank\" rel=\"noopener noreferrer\">Funktionsschar<\/a><\/li>\n<li class=\"single\"><a href=\"https:\/\/www.studyhelp.de\/online-lernen\/mathe\/trigonometrische-funktionen\/\" target=\"_blank\" rel=\"noopener noreferrer\">Trigonometrische Funktionen<\/a><\/li>\n<li class=\"single\"><a href=\"https:\/\/www.studyhelp.de\/online-lernen\/mathe\/specials\/\" target=\"_blank\" rel=\"noopener noreferrer\">Specials<\/a><\/li>\n<li class=\"single\"><a href=\"https:\/\/www.studyhelp.de\/online-lernen\/mathe\/wachstumsprozesse\/\" target=\"_blank\" rel=\"noopener noreferrer\">Wachstumsprozesse<\/a><\/li>\n<li class=\"single\"><a href=\"https:\/\/www.studyhelp.de\/online-lernen\/mathe\/trassierungen\/\" target=\"_blank\" rel=\"noopener noreferrer\">Trassierung<\/a><\/li>\n<\/ul>\n<\/div>[\/vc_tta_section][vc_tta_section i_position=&#8220;right&#8220; i_icon_fontawesome=&#8220;fa fa-arrow-down&#8220; add_icon=&#8220;true&#8220; title=&#8220;Lineare Algebra \/ Analytische Geometrie&#8220; tab_id=&#8220;2&#8243;]<div class=\"minti_list wpb_content_element color-grey circle\" style=\"\">\n<ul>\n<li class=\"single\"><a href=\"https:\/\/www.studyhelp.de\/online-lernen\/mathe\/vektoren\/\" target=\"_blank\" rel=\"noopener noreferrer\">Vektoren<\/a><\/li>\n<li class=\"single\"><a href=\"https:\/\/www.studyhelp.de\/online-lernen\/mathe\/lgs-loesen\/\" target=\"_blank\" rel=\"noopener noreferrer\">Lineare Gleichungssysteme<\/a><\/li>\n<li class=\"single\"><a href=\"https:\/\/www.studyhelp.de\/online-lernen\/mathe\/geraden-berechnen\/\" target=\"_blank\" rel=\"noopener noreferrer\">Geraden berechnen<\/a><\/li>\n<li class=\"single\"><a href=\"https:\/\/www.studyhelp.de\/online-lernen\/mathe\/ebene-aufstellen\/\" target=\"_blank\" rel=\"noopener noreferrer\">Ebenen in der Vektorrechnung<\/a><\/li>\n<li class=\"single\"><a href=\"https:\/\/www.studyhelp.de\/online-lernen\/mathe\/lagebeziehungen\/\" target=\"_blank\" rel=\"noopener noreferrer\">Lagebeziehungen<\/a><\/li>\n<li class=\"single\"><a href=\"https:\/\/www.studyhelp.de\/online-lernen\/mathe\/abstand-punkt-gerade\/\" target=\"_blank\" rel=\"noopener noreferrer\">Abstand Vektorrechnung<\/a><\/li>\n<li class=\"single\"><a href=\"https:\/\/www.studyhelp.de\/online-lernen\/mathe\/kreise-und-kugeln\/\" target=\"_blank\" rel=\"noopener noreferrer\">Kreise und Kugeln<\/a><\/li>\n<li class=\"single\"><a href=\"https:\/\/www.studyhelp.de\/online-lernen\/mathe\/matrizen\/\" target=\"_blank\" rel=\"noopener noreferrer\">Matrizen<\/a><\/li>\n<li class=\"single\"><a href=\"https:\/\/www.studyhelp.de\/online-lernen\/mathe\/austauschprozesse\/\" target=\"_blank\" rel=\"noopener noreferrer\">Austauschprozesse<\/a><\/li>\n<li class=\"single\"><a href=\"https:\/\/www.studyhelp.de\/online-lernen\/mathe\/populationsprozesse\/\" target=\"_blank\" rel=\"noopener noreferrer\">Populationsprozesse<\/a><\/li>\n<li class=\"single\"><a href=\"https:\/\/www.studyhelp.de\/online-lernen\/mathe\/produktionsprozesse\/\" target=\"_blank\" rel=\"noopener noreferrer\">Produktionsprozesse<\/a><\/li>\n<li class=\"single\"><a href=\"https:\/\/www.studyhelp.de\/online-lernen\/mathe\/abbildungen\/\" target=\"_blank\" rel=\"noopener noreferrer\">Abbildungen<\/a><\/li>\n<\/ul>\n<\/div>[\/vc_tta_section][vc_tta_section i_position=&#8220;right&#8220; i_icon_fontawesome=&#8220;fa fa-arrow-down&#8220; add_icon=&#8220;true&#8220; title=&#8220;Stochastik&#8220; tab_id=&#8220;3&#8243;]<div class=\"minti_list wpb_content_element color-grey circle\" style=\"\">\n<ul>\n<li class=\"single\"><a href=\"https:\/\/www.studyhelp.de\/online-lernen\/mathe\/zufallsexperiment\/\" target=\"_blank\" rel=\"noopener noreferrer\">Das Zufallsexperiment<\/a><\/li>\n<li class=\"single\"><a href=\"https:\/\/www.studyhelp.de\/online-lernen\/mathe\/baumdiagramm\/\" target=\"_blank\" rel=\"noopener noreferrer\">Baumdiagramm<\/a><\/li>\n<li class=\"single\"><a href=\"https:\/\/www.studyhelp.de\/online-lernen\/mathe\/kombinatorik\/\" target=\"_blank\" rel=\"noopener noreferrer\">Kombinatorik<\/a><\/li>\n<li class=\"single\"><a href=\"https:\/\/www.studyhelp.de\/online-lernen\/mathe\/bedingte-wahrscheinlichkeit-und-unabhaengigkeit\/\" target=\"_blank\" rel=\"noopener noreferrer\">Bedingte Wahrscheinlichkeit und Unabh\u00e4ngigkeit<\/a><\/li>\n<li class=\"single\"><a href=\"https:\/\/www.studyhelp.de\/online-lernen\/mathe\/zufallsvariablen-und-verteilungen\/\" target=\"_blank\" rel=\"noopener noreferrer\">Zufallsvariablen und Verteilungen<\/a><\/li>\n<li class=\"single\"><a href=\"https:\/\/www.studyhelp.de\/online-lernen\/mathe\/bernoulli-verteilung\/\" target=\"_blank\" rel=\"noopener noreferrer\">Bernoulli und Binomial-Verteilung<\/a><\/li>\n<li class=\"single\"><a href=\"https:\/\/www.studyhelp.de\/online-lernen\/mathe\/hypergeometrische-verteilung\/\" target=\"_blank\" rel=\"noopener noreferrer\">Hypergeometrische Verteilung<\/a><\/li>\n<li class=\"single\"><a href=\"https:\/\/www.studyhelp.de\/online-lernen\/mathe\/spezielle-stetige-verteilungen\/\" target=\"_blank\" rel=\"noopener noreferrer\">Spezielle stetige Verteilungen<\/a><\/li>\n<li class=\"single\"><a href=\"https:\/\/www.studyhelp.de\/online-lernen\/mathe\/hypothesentests\/\" target=\"_blank\" rel=\"noopener noreferrer\">Hypothesentest vollst\u00e4ndig erkl\u00e4rt<\/a><\/li>\n<\/ul>\n<\/div>[\/vc_tta_section][\/vc_tta_tabs][\/vc_column][\/vc_row][vc_row][vc_column width=&#8220;1\/1&#8243;]<div class=\"spacer\" style=\"height: 40px;\"><\/div>[\/vc_column][\/vc_row]<\/p>\n","protected":false},"excerpt":{"rendered":"<p>[vc_row top_padding=&#8220;0&#8243; bottom_padding=&#8220;0&#8243; full_height=&#8220;true&#8220; content_placement=&#8220;top&#8220;][vc_column width=&#8220;1\/1&#8243;][vc_tta_tabs][vc_tta_section title=&#8220;Allgemeines&#8220; tab_id=&#8220;1663072231897-45d4ff27-3948&#8243;][vc_column_text]Die Themen der Mathe Abiturpr\u00fcfung k\u00f6nnen sich von Jahr zu Jahr und von Bundesland zu Bundesland gewaltig unterscheiden. Daher ist es ganz wichtig, dass du genau wei\u00dft, welche Inhalte f\u00fcr dich pers\u00f6nlich relevant sind. Der einfachste und sicherste Weg ist in der Regel, deine\/n Mathe-Lehrer\/in zu fragen. Weitere [&hellip;]<\/p>\n","protected":false},"author":2,"featured_media":0,"parent":0,"menu_order":0,"comment_status":"closed","ping_status":"closed","template":"","meta":[],"_links":{"self":[{"href":"https:\/\/studyhelp.de\/abitur-ratgeber\/wp-json\/wp\/v2\/pages\/2711"}],"collection":[{"href":"https:\/\/studyhelp.de\/abitur-ratgeber\/wp-json\/wp\/v2\/pages"}],"about":[{"href":"https:\/\/studyhelp.de\/abitur-ratgeber\/wp-json\/wp\/v2\/types\/page"}],"author":[{"embeddable":true,"href":"https:\/\/studyhelp.de\/abitur-ratgeber\/wp-json\/wp\/v2\/users\/2"}],"replies":[{"embeddable":true,"href":"https:\/\/studyhelp.de\/abitur-ratgeber\/wp-json\/wp\/v2\/comments?post=2711"}],"version-history":[{"count":24,"href":"https:\/\/studyhelp.de\/abitur-ratgeber\/wp-json\/wp\/v2\/pages\/2711\/revisions"}],"predecessor-version":[{"id":3324,"href":"https:\/\/studyhelp.de\/abitur-ratgeber\/wp-json\/wp\/v2\/pages\/2711\/revisions\/3324"}],"wp:attachment":[{"href":"https:\/\/studyhelp.de\/abitur-ratgeber\/wp-json\/wp\/v2\/media?parent=2711"}],"curies":[{"name":"wp","href":"https:\/\/api.w.org\/{rel}","templated":true}]}}