{"id":2736,"date":"2019-10-17T14:58:51","date_gmt":"2019-10-17T12:58:51","guid":{"rendered":"https:\/\/www.studyhelp.de\/abitur-ratgeber\/?page_id=2736"},"modified":"2023-06-12T11:14:56","modified_gmt":"2023-06-12T09:14:56","slug":"chemie-abitur-themen","status":"publish","type":"page","link":"https:\/\/studyhelp.de\/abitur-ratgeber\/chemie-abitur-themen\/","title":{"rendered":"Chemie Abitur Themen"},"content":{"rendered":"<p>[vc_row][vc_column width=&#8220;1\/1&#8243;][vc_tta_tabs][vc_tta_section title=&#8220;Allgemeines&#8220; tab_id=&#8220;1686134226932-7362efb8-baed&#8220;][vc_column_text]Die Themen der Chemie Abiturpr\u00fcfung k\u00f6nnen sich von Jahr zu Jahr und von Bundesland zu Bundesland gewaltig unterscheiden. Daher ist es ganz wichtig, dass du genau wei\u00dft, welche Inhalte f\u00fcr dich pers\u00f6nlich relevant sind. Der einfachste und sicherste Weg ist in der Regel, deine\/n Chemie-Lehrer\/in zu fragen. Weitere Inspiration kannst du dir im Internet holen: Google dazu am Besten mal nach den Vorgaben deines Bundeslandes. Auf der Seite des Bildungsministeriums solltest du schnell f\u00fcndig werden.<\/p>\n<p>In den folgenden Reitern haben wir dir eine \u00dcbersicht aller Themen nach Themengebieten zusammengestellt. Mit einem Klick auf den jeweiligen Punkt gelangst du zum kostenlosen Lernportal \u201eOnline-Lernen\u201c von StudyHelp, wo du dir die Inhalte theoretisch direkt aneignen kannst.<\/p>\n<p>Alternativ kommt f\u00fcr dich vielleicht das neue Lernhefteset \u201eAbiturvorbereitung Chemie\u201c in Frage.\u00a0Dieses Set bestehend aus zwei Lernheften bietet dir die optimale Vorbereitung auf deine Abiturpr\u00fcfung im Fach Chemie. Alle <strong>relevanten Themen <\/strong>sind anschaulich und pr\u00e4gnant f\u00fcr dich aufbereitet.\u00a0Die Hefte konzentrieren sich auf wesentliche Inhalte welche kurz und verst\u00e4ndlich dargestellt werden. Als erg\u00e4nzendes Lernmaterial stehen dir dank der <strong>QR-Codes im Heft\u00a0<\/strong>externe Inhalte auf unserer kostenlosen Lernplattform\u00a0zur Verf\u00fcgung. Scanne hierzu mit deinem Smartphone oder Tablet den QR-Code ab und sieh dir z.B. ein auf dein Thema z<strong>ugeschnittenes Video von DIE MERKHILFE\u00a0<\/strong>an.\u00a0So erh\u00e4ltst du eine <strong>Mischung aus Theorie und Praxis\u00a0<\/strong>mit der du bestm\u00f6glich auf deine bevorstehende Pr\u00fcfung vorbereitet bist. <strong>Klicke f\u00fcr weitere Infos einfach auf das Coverbild:<\/strong><\/p>\n<p>&nbsp;<\/p>\n<p><a href=\"https:\/\/shop.studyhelp.de\/collections\/abitur\/products\/chemie-abitur-lernhefte-set?utm_source=Abiturratgeber&amp;utm_medium=Lernhefte+-+Chemie+Abi&amp;utm_campaign=Abiturratgeber\"><img decoding=\"async\" loading=\"lazy\" class=\"aligncenter wp-image-3225 size-full\" src=\"http:\/\/www.studyhelp.de\/abitur-ratgeber\/wp-content\/uploads\/2023\/06\/Chemie-Abitur-Lernhefte-Set-Chemie-Abitur-Lernhefte-Set-1646136688_1800x1800.jpg\" alt=\"https:\/\/shop.studyhelp.de\/collections\/abitur\/products\/chemie-abitur-lernhefte-set?utm_source=Abiturratgeber&amp;utm_medium=Lernhefte+-+Chemie+Abi&amp;utm_campaign=Abiturratgeber\" width=\"1800\" height=\"1800\" srcset=\"https:\/\/studyhelp.de\/abitur-ratgeber\/wp-content\/uploads\/2023\/06\/Chemie-Abitur-Lernhefte-Set-Chemie-Abitur-Lernhefte-Set-1646136688_1800x1800.jpg 1800w, https:\/\/studyhelp.de\/abitur-ratgeber\/wp-content\/uploads\/2023\/06\/Chemie-Abitur-Lernhefte-Set-Chemie-Abitur-Lernhefte-Set-1646136688_1800x1800-300x300.jpg 300w, https:\/\/studyhelp.de\/abitur-ratgeber\/wp-content\/uploads\/2023\/06\/Chemie-Abitur-Lernhefte-Set-Chemie-Abitur-Lernhefte-Set-1646136688_1800x1800-1024x1024.jpg 1024w, https:\/\/studyhelp.de\/abitur-ratgeber\/wp-content\/uploads\/2023\/06\/Chemie-Abitur-Lernhefte-Set-Chemie-Abitur-Lernhefte-Set-1646136688_1800x1800-150x150.jpg 150w, https:\/\/studyhelp.de\/abitur-ratgeber\/wp-content\/uploads\/2023\/06\/Chemie-Abitur-Lernhefte-Set-Chemie-Abitur-Lernhefte-Set-1646136688_1800x1800-768x768.jpg 768w, https:\/\/studyhelp.de\/abitur-ratgeber\/wp-content\/uploads\/2023\/06\/Chemie-Abitur-Lernhefte-Set-Chemie-Abitur-Lernhefte-Set-1646136688_1800x1800-1536x1536.jpg 1536w\" sizes=\"(max-width: 1800px) 100vw, 1800px\" \/><\/a>[\/vc_column_text][\/vc_tta_section][vc_tta_section i_icon_fontawesome=&#8220;fa fa-arrow-down&#8220; add_icon=&#8220;true&#8220; title=&#8220;Anorganische Chemie&#8220; tab_id=&#8220;1&#8243;]<div class=\"minti_list wpb_content_element color-grey circle\" style=\"\">\n<ul class=\"cat-list\">\n<li class=\"single\"><a href=\"https:\/\/www.studyhelp.de\/online-lernen\/chemie\/stoffe-und-teilchen\/\" target=\"_blank\" rel=\"noopener noreferrer\">Was sind Stoffe?<\/a><\/li>\n<li class=\"single\"><a href=\"https:\/\/www.studyhelp.de\/online-lernen\/chemie\/chemische-reaktion\/\" target=\"_blank\" rel=\"noopener noreferrer\">Chemische Reaktion<\/a><\/li>\n<li class=\"single\"><a href=\"https:\/\/www.studyhelp.de\/online-lernen\/chemie\/katalysatoren\/\" target=\"_blank\" rel=\"noopener noreferrer\">Katalysatoren<\/a><\/li>\n<li class=\"single\"><a href=\"https:\/\/www.studyhelp.de\/online-lernen\/chemie\/bindungstypen\/\" target=\"_blank\" rel=\"noopener noreferrer\">Bindungstypen<\/a><\/li>\n<li class=\"single\"><a href=\"https:\/\/www.studyhelp.de\/online-lernen\/chemie\/aufstellen-von-strukturformeln\/\" target=\"_blank\" rel=\"noopener noreferrer\">Aufstellen von Strukturformeln<\/a><\/li>\n<li class=\"single\"><a href=\"https:\/\/www.studyhelp.de\/online-lernen\/chemie\/raeumlicher-bau-von-molekuelen\/\" target=\"_blank\" rel=\"noopener noreferrer\">R\u00e4umlicher Bau von Molek\u00fclen<\/a><\/li>\n<li class=\"single\"><a href=\"https:\/\/www.studyhelp.de\/online-lernen\/chemie\/elektronegativitaet\/\" target=\"_blank\" rel=\"noopener noreferrer\">Elektronegativit\u00e4t<\/a><\/li>\n<li class=\"single\"><a href=\"https:\/\/www.studyhelp.de\/online-lernen\/chemie\/zwischenmolekulare-wechselwirkungen\/\" target=\"_blank\" rel=\"noopener noreferrer\">Zwischenmolekulare Wechselwirkung<\/a><\/li>\n<li class=\"single\"><a href=\"https:\/\/www.studyhelp.de\/online-lernen\/chemie\/stoechiometrische-berechnungen\/\" target=\"_blank\" rel=\"noopener noreferrer\">St\u00f6chiometrische Berechnungen<\/a><\/li>\n<li class=\"single\"><a href=\"https:\/\/www.studyhelp.de\/online-lernen\/chemie\/chemisches-gleichgewicht\/\" target=\"_blank\" rel=\"noopener noreferrer\">Chemisches Gleichgewicht<\/a><\/li>\n<li class=\"single\"><a href=\"https:\/\/www.studyhelp.de\/online-lernen\/chemie\/massenwirkungsgesetz\/\" target=\"_blank\" rel=\"noopener noreferrer\">Massenwirkungsgesetz<\/a><\/li>\n<li class=\"single\"><a href=\"https:\/\/www.studyhelp.de\/online-lernen\/chemie\/beeinflussung-der-gleichgewichtslage\/\" target=\"_blank\" rel=\"noopener noreferrer\">Beeinflussung der Gleichgewichtslage<\/a><\/li>\n<li class=\"single\"><a href=\"https:\/\/www.studyhelp.de\/online-lernen\/chemie\/entropie\/\" target=\"_blank\" rel=\"noopener noreferrer\">Entropie<\/a><\/li>\n<li class=\"single\"><a href=\"https:\/\/www.studyhelp.de\/online-lernen\/chemie\/saeure-base-chemie\/\" target=\"_blank\" rel=\"noopener noreferrer\">S\u00e4ure-Base-Chemie<\/a><\/li>\n<li class=\"single\"><a href=\"https:\/\/www.studyhelp.de\/online-lernen\/chemie\/ph-wert-bestimmen\/\" target=\"_blank\" rel=\"noopener noreferrer\">pH-Wert Bestimmen<\/a><\/li>\n<li class=\"single\"><a href=\"https:\/\/www.studyhelp.de\/online-lernen\/chemie\/pks-und-pkb-werte\/\" target=\"_blank\" rel=\"noopener noreferrer\">pKs- und pKb-Werte berechnen<\/a><\/li>\n<li class=\"single\"><a href=\"https:\/\/www.studyhelp.de\/online-lernen\/chemie\/puffer-stoffgemisch\/\" target=\"_blank\" rel=\"noopener noreferrer\">Puffer (Stoffgemisch)<\/a><\/li>\n<li class=\"single\"><a href=\"https:\/\/www.studyhelp.de\/online-lernen\/chemie\/indikatoren-in-der-chemie\/\" target=\"_blank\" rel=\"noopener noreferrer\">Indikatoren in der Chemie<\/a><\/li>\n<li class=\"single\"><a href=\"https:\/\/www.studyhelp.de\/online-lernen\/chemie\/titration\/\" target=\"_blank\" rel=\"noopener noreferrer\">Titration<\/a><\/li>\n<li class=\"single\"><a href=\"https:\/\/www.studyhelp.de\/online-lernen\/chemie\/redoxreaktionen\/\" target=\"_blank\" rel=\"noopener noreferrer\">Redoxreaktion<\/a><\/li>\n<li class=\"single\"><a href=\"https:\/\/www.studyhelp.de\/online-lernen\/chemie\/die-redoxreihe\/\" target=\"_blank\" rel=\"noopener noreferrer\">Die Redoxreihe<\/a><\/li>\n<li class=\"single\"><a href=\"https:\/\/www.studyhelp.de\/online-lernen\/chemie\/galvanische-elemente\/\">Galvanische Elemente<\/a><\/li>\n<li class=\"single\"><a href=\"https:\/\/www.studyhelp.de\/online-lernen\/chemie\/batterien-und-akkus\/\" target=\"_blank\" rel=\"noopener noreferrer\">Batterien und Akkus<\/a><\/li>\n<li class=\"single\"><a href=\"https:\/\/www.studyhelp.de\/online-lernen\/chemie\/nernst-gleichung\/\" target=\"_blank\" rel=\"noopener noreferrer\">Nernst-Gleichung<\/a><\/li>\n<li class=\"single\"><a href=\"https:\/\/www.studyhelp.de\/online-lernen\/chemie\/elektrolyse\/\" target=\"_blank\" rel=\"noopener noreferrer\">Die Elektrolyse<\/a><\/li>\n<li class=\"single\"><a href=\"https:\/\/www.studyhelp.de\/online-lernen\/chemie\/korrosion\/\" target=\"_blank\" rel=\"noopener noreferrer\">Korrosion<\/a><\/li>\n<\/ul>\n<\/div>[\/vc_tta_section][vc_tta_section i_icon_fontawesome=&#8220;fa fa-arrow-down&#8220; add_icon=&#8220;true&#8220; title=&#8220;Organische Chemie&#8220; tab_id=&#8220;2&#8243;]<div class=\"minti_list wpb_content_element color-grey circle\" style=\"\">\n<ul>\n<li><a href=\"https:\/\/www.studyhelp.de\/online-lernen\/chemie\/skelettformel\/\" target=\"_blank\" rel=\"noopener noreferrer\">Die Skelettformel<\/a><\/li>\n<li><a href=\"https:\/\/www.studyhelp.de\/online-lernen\/chemie\/isomerie\/\" target=\"_blank\" rel=\"noopener noreferrer\">Isomerie<\/a><\/li>\n<li><a href=\"https:\/\/www.studyhelp.de\/online-lernen\/chemie\/mesomerie\/\" target=\"_blank\" rel=\"noopener noreferrer\">Mesomerie<\/a><\/li>\n<li><a href=\"https:\/\/www.studyhelp.de\/online-lernen\/chemie\/induktiver-effekt\/\" target=\"_blank\" rel=\"noopener noreferrer\">Induktiver Effekt<\/a><\/li>\n<li><a href=\"https:\/\/www.studyhelp.de\/online-lernen\/chemie\/mesomerer-effekt\/\" target=\"_blank\" rel=\"noopener noreferrer\">Mesomerer Effekt<\/a><\/li>\n<li><a href=\"https:\/\/www.studyhelp.de\/online-lernen\/chemie\/kohlenwasserstoffe\/\" target=\"_blank\" rel=\"noopener noreferrer\">Kohlenwasserstoffe<\/a><\/li>\n<li><a href=\"https:\/\/www.studyhelp.de\/online-lernen\/chemie\/alkohole\/\" target=\"_blank\" rel=\"noopener noreferrer\">Alkohole<\/a><\/li>\n<li><a href=\"https:\/\/www.studyhelp.de\/online-lernen\/chemie\/aldehyde-und-ketone\/\" target=\"_blank\" rel=\"noopener noreferrer\">Aldehyde und Ketone<\/a><\/li>\n<li><a href=\"https:\/\/www.studyhelp.de\/online-lernen\/chemie\/carbonsaeure\/\" target=\"_blank\" rel=\"noopener noreferrer\">Carbons\u00e4ure<\/a><\/li>\n<li><a href=\"https:\/\/www.studyhelp.de\/online-lernen\/chemie\/ester\/\" target=\"_blank\" rel=\"noopener noreferrer\">Ester<\/a><\/li>\n<li><a href=\"https:\/\/www.studyhelp.de\/online-lernen\/chemie\/aromaten\/\" target=\"_blank\" rel=\"noopener noreferrer\">Aromaten<\/a><\/li>\n<li><a href=\"https:\/\/www.studyhelp.de\/online-lernen\/chemie\/was-sind-amine\/\" target=\"_blank\" rel=\"noopener noreferrer\">Amine<\/a><\/li>\n<li><a href=\"https:\/\/www.studyhelp.de\/online-lernen\/chemie\/phenole\/\" target=\"_blank\" rel=\"noopener noreferrer\">Phenole<\/a><\/li>\n<li><a href=\"https:\/\/www.studyhelp.de\/online-lernen\/chemie\/nomenklatur\/\" target=\"_blank\" rel=\"noopener noreferrer\">Nomenklatur<\/a><\/li>\n<li><a href=\"https:\/\/www.studyhelp.de\/online-lernen\/chemie\/kunststoff\/\" target=\"_blank\" rel=\"noopener noreferrer\">Kunststoff<\/a><\/li>\n<li><a href=\"https:\/\/www.studyhelp.de\/online-lernen\/chemie\/reaktionen-in-der-organischen-chemie\/\" target=\"_blank\" rel=\"noopener noreferrer\">Grundlagen chemischer Reaktionen<\/a><\/li>\n<li><a href=\"https:\/\/www.studyhelp.de\/online-lernen\/chemie\/elektrophile-addition\/\" target=\"_blank\" rel=\"noopener noreferrer\">Elektrophile Addition<\/a><\/li>\n<li><a href=\"https:\/\/www.studyhelp.de\/online-lernen\/chemie\/nucleophile-addition\/\" target=\"_blank\" rel=\"noopener noreferrer\">Nucleophile Addition<\/a><\/li>\n<li><a href=\"https:\/\/www.studyhelp.de\/online-lernen\/chemie\/elektrophile-substitution\/\" target=\"_blank\" rel=\"noopener noreferrer\">Elektrophile Substitution<\/a><\/li>\n<li><a href=\"https:\/\/www.studyhelp.de\/online-lernen\/chemie\/nucleophile-substitution\/\" target=\"_blank\" rel=\"noopener noreferrer\">Nucleophile Substitution<\/a><\/li>\n<li><a href=\"https:\/\/www.studyhelp.de\/online-lernen\/chemie\/oxidationszahl-in-der-organischen-chmie\/\" target=\"_blank\" rel=\"noopener noreferrer\">Oxidationszahl bestimmen<\/a><\/li>\n<li><a href=\"https:\/\/www.studyhelp.de\/online-lernen\/chemie\/licht\/\" target=\"_blank\" rel=\"noopener noreferrer\">Was ist Licht?<\/a><\/li>\n<li><a href=\"https:\/\/www.studyhelp.de\/online-lernen\/chemie\/azofarbstoffe\/\" target=\"_blank\" rel=\"noopener noreferrer\">Azofarbstoffe<\/a><\/li>\n<li><a href=\"https:\/\/www.studyhelp.de\/online-lernen\/chemie\/saeure-base-indikatoren\/\" target=\"_blank\" rel=\"noopener noreferrer\">S\u00e4ure-Base-Indikatoren<\/a><\/li>\n<li><a href=\"https:\/\/www.studyhelp.de\/online-lernen\/chemie\/chlorophyll\/\" target=\"_blank\" rel=\"noopener noreferrer\">Chlorophyll<\/a><\/li>\n<li><a href=\"https:\/\/www.studyhelp.de\/online-lernen\/chemie\/fette\/\">Fette<\/a><\/li>\n<li><a href=\"https:\/\/www.studyhelp.de\/online-lernen\/chemie\/seifen-und-tenside\/\">Seifen und Tenside<\/a><\/li>\n<li><a href=\"https:\/\/www.studyhelp.de\/online-lernen\/chemie\/kohlenhydrate\/\">Kohlenhydrate<\/a><\/li>\n<li><a href=\"https:\/\/www.studyhelp.de\/online-lernen\/chemie\/aminosaeuren\/\">Aminos\u00e4uren<\/a><\/li>\n<li><a href=\"https:\/\/www.studyhelp.de\/online-lernen\/chemie\/protein\/\">Das Protein<\/a><\/li>\n<li><a href=\"https:\/\/www.studyhelp.de\/online-lernen\/chemie\/enzyme\/\">Enzyme<\/a><\/li>\n<\/ul>\n<\/div>[\/vc_tta_section][\/vc_tta_tabs][\/vc_column][\/vc_row]<\/p>\n","protected":false},"excerpt":{"rendered":"<p>[vc_row][vc_column width=&#8220;1\/1&#8243;][vc_tta_tabs][vc_tta_section title=&#8220;Allgemeines&#8220; tab_id=&#8220;1686134226932-7362efb8-baed&#8220;][vc_column_text]Die Themen der Chemie Abiturpr\u00fcfung k\u00f6nnen sich von Jahr zu Jahr und von Bundesland zu Bundesland gewaltig unterscheiden. Daher ist es ganz wichtig, dass du genau wei\u00dft, welche Inhalte f\u00fcr dich pers\u00f6nlich relevant sind. Der einfachste und sicherste Weg ist in der Regel, deine\/n Chemie-Lehrer\/in zu fragen. Weitere Inspiration kannst du dir [&hellip;]<\/p>\n","protected":false},"author":2,"featured_media":0,"parent":0,"menu_order":0,"comment_status":"closed","ping_status":"closed","template":"","meta":[],"_links":{"self":[{"href":"https:\/\/studyhelp.de\/abitur-ratgeber\/wp-json\/wp\/v2\/pages\/2736"}],"collection":[{"href":"https:\/\/studyhelp.de\/abitur-ratgeber\/wp-json\/wp\/v2\/pages"}],"about":[{"href":"https:\/\/studyhelp.de\/abitur-ratgeber\/wp-json\/wp\/v2\/types\/page"}],"author":[{"embeddable":true,"href":"https:\/\/studyhelp.de\/abitur-ratgeber\/wp-json\/wp\/v2\/users\/2"}],"replies":[{"embeddable":true,"href":"https:\/\/studyhelp.de\/abitur-ratgeber\/wp-json\/wp\/v2\/comments?post=2736"}],"version-history":[{"count":6,"href":"https:\/\/studyhelp.de\/abitur-ratgeber\/wp-json\/wp\/v2\/pages\/2736\/revisions"}],"predecessor-version":[{"id":3323,"href":"https:\/\/studyhelp.de\/abitur-ratgeber\/wp-json\/wp\/v2\/pages\/2736\/revisions\/3323"}],"wp:attachment":[{"href":"https:\/\/studyhelp.de\/abitur-ratgeber\/wp-json\/wp\/v2\/media?parent=2736"}],"curies":[{"name":"wp","href":"https:\/\/api.w.org\/{rel}","templated":true}]}}