{"id":2737,"date":"2019-10-17T14:17:55","date_gmt":"2019-10-17T12:17:55","guid":{"rendered":"https:\/\/www.studyhelp.de\/abitur-ratgeber\/?page_id=2737"},"modified":"2023-06-12T11:14:04","modified_gmt":"2023-06-12T09:14:04","slug":"deutsch-abitur-themen","status":"publish","type":"page","link":"https:\/\/studyhelp.de\/abitur-ratgeber\/deutsch-abitur-themen\/","title":{"rendered":"Deutsch Abitur Themen"},"content":{"rendered":"<p>[vc_row full_height=&#8220;true&#8220; content_placement=&#8220;top&#8220;][vc_column width=&#8220;1\/1&#8243;][vc_tta_tabs][vc_tta_section title=&#8220;Allgemeines&#8220; tab_id=&#8220;1686147640139-54687e19-53c2&#8243;][vc_column_text]Die Themen der Deutsch Abiturpr\u00fcfung k\u00f6nnen sich von Jahr zu Jahr und von Bundesland zu Bundesland gewaltig unterscheiden. Daher ist es ganz wichtig, dass du genau wei\u00dft, welche Inhalte f\u00fcr dich pers\u00f6nlich relevant sind. Der einfachste und sicherste Weg ist in der Regel, deine\/n Deutsch-Lehrer\/in zu fragen. Weitere Inspiration kannst du dir im Internet holen: Google dazu am Besten mal nach den Vorgaben deines Bundeslandes. Auf der Seite des Bildungsministeriums solltest du schnell f\u00fcndig werden.<\/p>\n<p>In den folgenden Reitern haben wir dir eine \u00dcbersicht aller Themen nach Themengebieten zusammengestellt. Mit einem Klick auf den jeweiligen Punkt gelangst du zum kostenlosen Lernportal \u201eOnline-Lernen\u201c von StudyHelp, wo du dir die Inhalte theoretisch direkt aneignen kannst.<\/p>\n<p><a href=\"https:\/\/shop.studyhelp.de\/collections\/abitur\/Deutsch?utm_source=Abiturratgeber&amp;utm_medium=Lernhefte+-+Deutsch+Abi+collection&amp;utm_campaign=Abiturratgeber\"><img decoding=\"async\" loading=\"lazy\" class=\"aligncenter wp-image-3289 size-full\" src=\"http:\/\/www.studyhelp.de\/abitur-ratgeber\/wp-content\/uploads\/2023\/06\/DeutschABI.png\" alt=\"https:\/\/shop.studyhelp.de\/collections\/abitur\/Deutsch?utm_source=Abiturratgeber&amp;utm_medium=Lernhefte+-+Deutsch+Abi+collection&amp;utm_campaign=Abiturratgeber\" width=\"2880\" height=\"400\" srcset=\"https:\/\/studyhelp.de\/abitur-ratgeber\/wp-content\/uploads\/2023\/06\/DeutschABI.png 2880w, https:\/\/studyhelp.de\/abitur-ratgeber\/wp-content\/uploads\/2023\/06\/DeutschABI-300x42.png 300w, https:\/\/studyhelp.de\/abitur-ratgeber\/wp-content\/uploads\/2023\/06\/DeutschABI-1024x142.png 1024w, https:\/\/studyhelp.de\/abitur-ratgeber\/wp-content\/uploads\/2023\/06\/DeutschABI-768x107.png 768w, https:\/\/studyhelp.de\/abitur-ratgeber\/wp-content\/uploads\/2023\/06\/DeutschABI-1536x213.png 1536w, https:\/\/studyhelp.de\/abitur-ratgeber\/wp-content\/uploads\/2023\/06\/DeutschABI-2048x284.png 2048w\" sizes=\"(max-width: 2880px) 100vw, 2880px\" \/><\/a><\/p>\n<p><strong>Du ben\u00f6tigst weitere Unterst\u00fctzung?<\/strong><\/p>\n<p>Dann kommt f\u00fcr dich vielleicht eines der StudyHelp Abitur Lernhefte f\u00fcr das Fach Deutsch in Frage. Alle\u00a0<strong>relevanten Themen\u00a0<\/strong>sind anschaulich und pr\u00e4gnant f\u00fcr dich aufbereitet.\u00a0Die Hefte konzentrieren sich auf wesentliche Inhalte welche kurz und verst\u00e4ndlich dargestellt werden. Als erg\u00e4nzendes Lernmaterial stehen dir dank der\u00a0<strong>QR-Codes im Heft\u00a0<\/strong>externe Inhalte auf unserer kostenlosen Lernplattform\u00a0zur Verf\u00fcgung. Scanne hierzu mit deinem Smartphone oder Tablet den QR-Code ab und sieh dir z.B. ein auf dein Thema <strong>zugeschnittenes Video von DIE MERKHILFE\u00a0<\/strong>an.\u00a0So erh\u00e4ltst du eine\u00a0<strong>Mischung aus Theorie und Praxis\u00a0<\/strong>mit der du bestm\u00f6glich auf deine bevorstehende Pr\u00fcfung vorbereitet bist.\u00a0<strong>Folgende Lernhefte gibt es aktuell:\u00a0<\/strong><\/p>\n<ul>\n<li><a href=\"https:\/\/shop.studyhelp.de\/collections\/abitur\/products\/lernheft-abiturvorbereitung-deutsch-bayern-2022\">Abiturvorbereitung Deutsch Bayern<\/a><\/li>\n<li><a href=\"https:\/\/shop.studyhelp.de\/collections\/abitur\/products\/lernheft-abiturvorbereitung-deutsch\">Abiturvorbereitung Deutsch allgemein<\/a><\/li>\n<li><a href=\"https:\/\/shop.studyhelp.de\/collections\/abitur\/products\/lekturehilfe-zu-faust-i-johann-wolfgang-goethe\">Lekt\u00fcrehilfe zu Faust I &#8211; Johann Wolfgang Goethe<\/a><\/li>\n<li><a href=\"https:\/\/shop.studyhelp.de\/collections\/abitur\/products\/lekturehilfe-zu-woyzeck-georg-buchner\">Lekt\u00fcrehilfe zu Woyzeck &#8211; Georg B\u00fcchner<\/a><\/li>\n<li><a href=\"https:\/\/shop.studyhelp.de\/collections\/abitur\/products\/lektuerehilfe-zu-andorra-max-frisch\">Lekt\u00fcrehilfe zu Andorra &#8211; Max Frisch<\/a><\/li>\n<li><a href=\"https:\/\/shop.studyhelp.de\/collections\/abitur\/products\/lekturehilfe-zu-die-verwandlung-franz-kafka\">Lekt\u00fcrehilfe zu die Verwandlung &#8211; Franz Kafka<\/a><\/li>\n<li><a href=\"https:\/\/shop.studyhelp.de\/collections\/abitur\/products\/lekturehilfe-zu-nathan-der-weise-lessing\">Lekt\u00fcrehilfe zu Nathan der Weise &#8211; Lessing<\/a><\/li>\n<\/ul>\n<p><a href=\"https:\/\/shop.studyhelp.de\/collections\/abitur\/Deutsch?utm_source=Abiturratgeber&amp;utm_medium=Lernhefte+-+Deutsch+Abi+collection&amp;utm_campaign=Abiturratgeber\"><img decoding=\"async\" loading=\"lazy\" class=\"aligncenter wp-image-3289 size-full\" src=\"http:\/\/www.studyhelp.de\/abitur-ratgeber\/wp-content\/uploads\/2023\/06\/DeutschABI.png\" alt=\"https:\/\/shop.studyhelp.de\/collections\/abitur\/Deutsch?utm_source=Abiturratgeber&amp;utm_medium=Lernhefte+-+Deutsch+Abi+collection&amp;utm_campaign=Abiturratgeber\" width=\"2880\" height=\"400\" srcset=\"https:\/\/studyhelp.de\/abitur-ratgeber\/wp-content\/uploads\/2023\/06\/DeutschABI.png 2880w, https:\/\/studyhelp.de\/abitur-ratgeber\/wp-content\/uploads\/2023\/06\/DeutschABI-300x42.png 300w, https:\/\/studyhelp.de\/abitur-ratgeber\/wp-content\/uploads\/2023\/06\/DeutschABI-1024x142.png 1024w, https:\/\/studyhelp.de\/abitur-ratgeber\/wp-content\/uploads\/2023\/06\/DeutschABI-768x107.png 768w, https:\/\/studyhelp.de\/abitur-ratgeber\/wp-content\/uploads\/2023\/06\/DeutschABI-1536x213.png 1536w, https:\/\/studyhelp.de\/abitur-ratgeber\/wp-content\/uploads\/2023\/06\/DeutschABI-2048x284.png 2048w\" sizes=\"(max-width: 2880px) 100vw, 2880px\" \/><\/a>[\/vc_column_text][\/vc_tta_section][vc_tta_section title=&#8220;Deutsch Abitur Themen&#8220; tab_id=&#8220;1&#8243;]<div class=\"minti_list wpb_content_element color-grey circle\" style=\"\">\n<ul>\n<li class=\"single\"><a href=\"https:\/\/www.studyhelp.de\/online-lernen\/deutsch\/erzaehler-und-erzaehlperspektive\/\" target=\"_blank\" rel=\"noopener noreferrer\">Erz\u00e4hler<\/a><\/li>\n<li class=\"single\"><a href=\"https:\/\/www.studyhelp.de\/online-lernen\/deutsch\/rhetorische-mittel\/\" target=\"_blank\" rel=\"noopener noreferrer\">Rhetorik &amp; rhetorische Mittel<\/a><\/li>\n<li class=\"single\"><a href=\"https:\/\/www.studyhelp.de\/online-lernen\/deutsch\/charakterisierung\/\" target=\"_blank\" rel=\"noopener noreferrer\">Charakterisierung schreiben<\/a><\/li>\n<li class=\"single\"><a href=\"https:\/\/www.studyhelp.de\/online-lernen\/deutsch\/epik\/\" target=\"_blank\" rel=\"noopener noreferrer\">Epik und epische Literatur<\/a><\/li>\n<li class=\"single\"><a href=\"https:\/\/www.studyhelp.de\/online-lernen\/deutsch\/inhaltsangabe\/\" target=\"_blank\" rel=\"noopener noreferrer\">Inhaltsangaben schreiben<\/a><\/li>\n<li class=\"single\"><a href=\"https:\/\/www.studyhelp.de\/online-lernen\/deutsch\/biedermeier\/\" target=\"_blank\" rel=\"noopener noreferrer\">Die Biedermeier Epoche<\/a><\/li>\n<li class=\"single\"><a href=\"https:\/\/www.studyhelp.de\/online-lernen\/deutsch\/aufklaerung\/\" target=\"_blank\" rel=\"noopener noreferrer\">Aufkl\u00e4rung als Epoche<\/a><\/li>\n<li class=\"single\"><a href=\"https:\/\/www.studyhelp.de\/online-lernen\/deutsch\/eroerterung\/\" target=\"_blank\" rel=\"noopener noreferrer\">Er\u00f6rterung verfassen<\/a><\/li>\n<li class=\"single\"><a href=\"https:\/\/www.studyhelp.de\/online-lernen\/deutsch\/klassische-moderne\/\" target=\"_blank\" rel=\"noopener noreferrer\">Klassische Moderne<\/a><\/li>\n<li class=\"single\"><a href=\"https:\/\/www.studyhelp.de\/online-lernen\/deutsch\/dramatik\/\" target=\"_blank\" rel=\"noopener noreferrer\">Dramatik \u00dcbersicht<\/a><\/li>\n<li class=\"single\"><a href=\"https:\/\/www.studyhelp.de\/online-lernen\/deutsch\/barock\/\" target=\"_blank\" rel=\"noopener noreferrer\">Literatur im Barock<\/a><\/li>\n<li class=\"single\"><a href=\"https:\/\/www.studyhelp.de\/online-lernen\/deutsch\/textanalyse\/\" target=\"_blank\" rel=\"noopener noreferrer\">Texte analysieren<\/a><\/li>\n<li class=\"single\"><a href=\"https:\/\/www.studyhelp.de\/online-lernen\/deutsch\/sachtextanalyse\/\" target=\"_blank\" rel=\"noopener noreferrer\">Sachtextanalyse<\/a><\/li>\n<li class=\"single\"><a href=\"https:\/\/www.studyhelp.de\/online-lernen\/deutsch\/gedichtanalyse\/\" target=\"_blank\" rel=\"noopener noreferrer\">Gedichtanalyse<\/a><\/li>\n<li class=\"single\"><a href=\"https:\/\/www.studyhelp.de\/online-lernen\/deutsch\/goethezeit\/\" target=\"_blank\" rel=\"noopener noreferrer\">Die Goethezeit<\/a><\/li>\n<li class=\"single\"><a href=\"https:\/\/www.studyhelp.de\/online-lernen\/deutsch\/realismus\/\" target=\"_blank\" rel=\"noopener noreferrer\">Der Realismus<\/a><\/li>\n<li class=\"single\"><a href=\"https:\/\/www.studyhelp.de\/online-lernen\/deutsch\/die-lyrik\/\" target=\"_blank\" rel=\"noopener noreferrer\">Die Lyrik<\/a><\/li>\n<\/ul>\n<\/div>[\/vc_tta_section][vc_tta_section title=&#8220;Lekt\u00fcren&#8220; tab_id=&#8220;2&#8243;]<div class=\"minti_list wpb_content_element color-grey circle\" style=\"\">\n<ul>\n<li><a href=\"https:\/\/www.studyhelp.de\/online-lernen\/deutsch\/faust-1-zusammenfassung\/\" target=\"_blank\" rel=\"noopener noreferrer\">Faust I &#8211; Johann Wolfgang von Goethe<\/a><\/li>\n<li><a href=\"https:\/\/www.studyhelp.de\/online-lernen\/deutsch\/der-sandmann-zusammenfassung\/\" target=\"_blank\" rel=\"noopener noreferrer\">Der Sandmann &#8211; E.T.A Hoffmann<\/a><\/li>\n<li><a href=\"https:\/\/www.studyhelp.de\/online-lernen\/deutsch\/kabale-und-liebe-zusammenfassung\/\" target=\"_blank\" rel=\"noopener noreferrer\">Kabale und Liebe &#8211; Friedrich Schiller<\/a><\/li>\n<li><a href=\"https:\/\/www.studyhelp.de\/online-lernen\/deutsch\/der-steppenwolf-zusammenfassung\/\" target=\"_blank\" rel=\"noopener noreferrer\">Der Steppenwolf &#8211; Hermann Hesse<\/a><\/li>\n<li><a href=\"https:\/\/www.studyhelp.de\/online-lernen\/deutsch\/der-goldene-topf-e-t-a-hoffmann-inhaltsangabe\/\" target=\"_blank\" rel=\"noopener noreferrer\">Der goldne Topf &#8211; E.T.A. Hoffmann<\/a><\/li>\n<li><a href=\"https:\/\/www.studyhelp.de\/online-lernen\/deutsch\/die-marquise-von-o-heinrich-von-kleist-inhaltsangabe\/\" target=\"_blank\" rel=\"noopener noreferrer\">Die Marquise von O\u2026 &#8211; Heinrich von Kleist<\/a><\/li>\n<li><a href=\"https:\/\/www.studyhelp.de\/online-lernen\/deutsch\/nathan-der-weise-zusammenfassung\/\">Nathan der Weise \u2013 Lessing<\/a><\/li>\n<\/ul>\n<\/div>[\/vc_tta_section][\/vc_tta_tabs][\/vc_column][\/vc_row]<\/p>\n","protected":false},"excerpt":{"rendered":"<p>[vc_row full_height=&#8220;true&#8220; content_placement=&#8220;top&#8220;][vc_column width=&#8220;1\/1&#8243;][vc_tta_tabs][vc_tta_section title=&#8220;Allgemeines&#8220; tab_id=&#8220;1686147640139-54687e19-53c2&#8243;][vc_column_text]Die Themen der Deutsch Abiturpr\u00fcfung k\u00f6nnen sich von Jahr zu Jahr und von Bundesland zu Bundesland gewaltig unterscheiden. Daher ist es ganz wichtig, dass du genau wei\u00dft, welche Inhalte f\u00fcr dich pers\u00f6nlich relevant sind. Der einfachste und sicherste Weg ist in der Regel, deine\/n Deutsch-Lehrer\/in zu fragen. Weitere Inspiration kannst [&hellip;]<\/p>\n","protected":false},"author":2,"featured_media":0,"parent":0,"menu_order":0,"comment_status":"closed","ping_status":"closed","template":"","meta":[],"_links":{"self":[{"href":"https:\/\/studyhelp.de\/abitur-ratgeber\/wp-json\/wp\/v2\/pages\/2737"}],"collection":[{"href":"https:\/\/studyhelp.de\/abitur-ratgeber\/wp-json\/wp\/v2\/pages"}],"about":[{"href":"https:\/\/studyhelp.de\/abitur-ratgeber\/wp-json\/wp\/v2\/types\/page"}],"author":[{"embeddable":true,"href":"https:\/\/studyhelp.de\/abitur-ratgeber\/wp-json\/wp\/v2\/users\/2"}],"replies":[{"embeddable":true,"href":"https:\/\/studyhelp.de\/abitur-ratgeber\/wp-json\/wp\/v2\/comments?post=2737"}],"version-history":[{"count":10,"href":"https:\/\/studyhelp.de\/abitur-ratgeber\/wp-json\/wp\/v2\/pages\/2737\/revisions"}],"predecessor-version":[{"id":3322,"href":"https:\/\/studyhelp.de\/abitur-ratgeber\/wp-json\/wp\/v2\/pages\/2737\/revisions\/3322"}],"wp:attachment":[{"href":"https:\/\/studyhelp.de\/abitur-ratgeber\/wp-json\/wp\/v2\/media?parent=2737"}],"curies":[{"name":"wp","href":"https:\/\/api.w.org\/{rel}","templated":true}]}}