{"id":278,"date":"2016-10-26T15:22:06","date_gmt":"2016-10-26T13:22:06","guid":{"rendered":"https:\/\/www.studyhelp.de\/schule\/?page_id=278"},"modified":"2019-10-16T16:08:49","modified_gmt":"2019-10-16T14:08:49","slug":"abistreich","status":"publish","type":"page","link":"https:\/\/studyhelp.de\/abitur-ratgeber\/abistreich\/","title":{"rendered":"Abistreich \u2013 Rache ist s\u00fc\u00df!"},"content":{"rendered":"<p>[vc_row][vc_column width=&#8220;1\/1&#8243;][vc_column_text]<\/p>\n<div class=\"post-entry\">\n<p>Ihr habt 8 Jahre voller Stress, voller Spa\u00df, voller Anspannung und voller Aufregung hinter euch.<br \/>\nUnd eure Lehrer haben euch dabei vielleicht manchmal zur Wei\u00dfglut gebracht und es euch nicht immer ganz so leicht gemacht.\u00a0Heute ist endlich der Tag gekommen, an dem ihr euren Lehrern ein bisschen was zur\u00fcck geben k\u00f6nnt.\u00a0Der Abistreich steht an und es gibt ein paar Tipps und Tricks, um bei den Stufen unter euch in die Geschichte einzugehen.<\/p>\n<p><strong>Tipp 1: Respect!<\/strong><\/p>\n<p>Ihr solltet eure Lehrer trotz allem mit Respekt behandeln und ihnen nur Aufgaben geben, die ihr selbst auch vor der ganzen Schule erf\u00fcllen wollen w\u00fcrdet \u2013 denn nicht vergessen: Die Lehrer m\u00fcssen noch ein paar Tage vor den Sch\u00fclern in den Stufen unter euch stehen und wollen ihr Gesicht dabei nicht verlieren. Die Aufgaben sollten auf jeden Fall witzig und charmant sein, sodass sich alle gern daran erinnern werden (z.B: Karaoke singen, Wer wird Million\u00e4r mit fiesen Fragen, Wackkelpuddingtauchen,etc.).<\/p>\n<p><strong>Tipp 2: Das ultimative Chaos!<\/strong><\/p>\n<p>Verbarrikadiert die Schule! Stellt zum Beispiel \u00fcberall Pappbecher mit Wasser auf, sodass niemand mehr reinkommt, ohne nass zu werden. Parkt den Lehrerparkplatz voll, sodass keine anderen Autos darauf Platz haben, f\u00fcllt die Eingangshalle mit Luftballons, oder stellt euch mit Wasserbomben und Wasserpistolen vor den Eingang und macht eure Mitsch\u00fcler nass. Erschwert den Weg zu den Klassenr\u00e4umen, indem ihr die Gel\u00e4nder auf den Treppen mit Frischhaltefolie oder Klopapier verbindet. Tapeziert die Tafeln mit Post-its, versteckt Tische und St\u00fchle, lasst Gummi-Enten in den Waschbecken schwimmen oder f\u00fcllt die Becken mit Cornflakes, beklebt die Fenster mit Zeitungspapier und klebt die Lichtschalter ab &#8211; solang niemand zu Schaden kommt sind eurer Kreativit\u00e4t keine Grenzen gesetzt.<\/p>\n<p><strong>Tipp 3: Gemeinsam lacht es sich besser!<\/strong><\/p>\n<p>Bindet Sch\u00fcler entweder aus eurer Stufe oder Sch\u00fcler der Stufen unter euch beim Abischerz mit ein, sodass es Interaktionen gibt. F\u00fcr die Sch\u00fcler wird es nicht langweilig und Lehrer und Sch\u00fcler lernen sich dabei besser kennen. Au\u00dferdem ist ein Lehrer vs. Sch\u00fcler Wettbewerb f\u00fcr alle Beteiligten spa\u00dfig.<\/p>\n<p><strong>Tipp 4: Alternativen<\/strong><\/p>\n<p>Sollte ein Abistreich an eurer Schule verboten sein, dann versucht doch ein Abi Variet\u00e9 zu organisieren, bei dem eure Stufe an einem Abend verschiedene Acts auf der B\u00fchne auff\u00fchrt.\u00a0Vielleicht gibt es jemanden, der besonders gut singen kann? Oder jemand, der gerne tanzt? Manche machen auch Kampfsport oder wollen eine lustige Parodie auf die Beine stellen?<\/p>\n<p>F\u00fcr den Abend k\u00f6nnt ihr Eintritt nehmen oder am Ende eine Spendenkasse aufstellen. Von den eingenommenen Geldern k\u00f6nnt ihr euren Abi Ball oder die Abi Zeitung finanzieren oder zumindest subventionieren. Vielleicht habt ihr auch die M\u00f6glichkeit, Getr\u00e4nke an dem Abend zu verkaufen und so weitere Einnahmen zu erhalten.<\/p>\n<p><strong>Egal was ihr macht, macht es mit Spa\u00df!<\/strong><\/p>\n<\/div>\n<p>[\/vc_column_text][\/vc_column][\/vc_row]<\/p>\n","protected":false},"excerpt":{"rendered":"<p>[vc_row][vc_column width=&#8220;1\/1&#8243;][vc_column_text] Ihr habt 8 Jahre voller Stress, voller Spa\u00df, voller Anspannung und voller Aufregung hinter euch. Und eure Lehrer haben euch dabei vielleicht manchmal zur Wei\u00dfglut gebracht und es euch nicht immer ganz so leicht gemacht.\u00a0Heute ist endlich der Tag gekommen, an dem ihr euren Lehrern ein bisschen was zur\u00fcck geben k\u00f6nnt.\u00a0Der Abistreich steht [&hellip;]<\/p>\n","protected":false},"author":1,"featured_media":0,"parent":0,"menu_order":0,"comment_status":"closed","ping_status":"closed","template":"","meta":[],"_links":{"self":[{"href":"https:\/\/studyhelp.de\/abitur-ratgeber\/wp-json\/wp\/v2\/pages\/278"}],"collection":[{"href":"https:\/\/studyhelp.de\/abitur-ratgeber\/wp-json\/wp\/v2\/pages"}],"about":[{"href":"https:\/\/studyhelp.de\/abitur-ratgeber\/wp-json\/wp\/v2\/types\/page"}],"author":[{"embeddable":true,"href":"https:\/\/studyhelp.de\/abitur-ratgeber\/wp-json\/wp\/v2\/users\/1"}],"replies":[{"embeddable":true,"href":"https:\/\/studyhelp.de\/abitur-ratgeber\/wp-json\/wp\/v2\/comments?post=278"}],"version-history":[{"count":13,"href":"https:\/\/studyhelp.de\/abitur-ratgeber\/wp-json\/wp\/v2\/pages\/278\/revisions"}],"predecessor-version":[{"id":2567,"href":"https:\/\/studyhelp.de\/abitur-ratgeber\/wp-json\/wp\/v2\/pages\/278\/revisions\/2567"}],"wp:attachment":[{"href":"https:\/\/studyhelp.de\/abitur-ratgeber\/wp-json\/wp\/v2\/media?parent=278"}],"curies":[{"name":"wp","href":"https:\/\/api.w.org\/{rel}","templated":true}]}}