{"id":287,"date":"2016-10-26T16:16:32","date_gmt":"2016-10-26T14:16:32","guid":{"rendered":"https:\/\/www.studyhelp.de\/schule\/?page_id=287"},"modified":"2023-06-07T14:27:28","modified_gmt":"2023-06-07T12:27:28","slug":"abifahrt","status":"publish","type":"page","link":"https:\/\/studyhelp.de\/abitur-ratgeber\/abifahrt\/","title":{"rendered":"Abifahrt"},"content":{"rendered":"<h2>Der richtige Zeitpunkt f\u00fcr eine Abifahrt<\/h2>\n<p>Eine Abifahrt bietet sich an, wenn ihr nach Ende eurer Schulzeit ein paar Wochen im Sommer Zeit habt. Gemeinsam mit euren engsten Freunden \u2013 oder aber auch mit der gesamten Stufe \u2013 k\u00f6nnt ihr besprechen, ob ihr als Gruppe Urlaub machen m\u00f6chtet.<\/p>\n<p>Jahrelang habt ihr die Schulbank gedr\u00fcckt. Jetzt habt ihr eure Schulzeit gemeinsam mit dem Abitur in der Tasche abgeschlossen. Egal ob 1er Schnitt oder weniger erfolgreich: Ihr seid durch! Wenn das mal kein Grund zum Feiern ist.\u00a0Bevor ihr euch daran macht, alle m\u00f6glichen Fragen zu der Zeit Nach dem Abi\u00a0zu stellen und diese zu beantworten, habt ihr nun die erstklassige M\u00f6glichkeit, eine kurze Auszeit einzulegen und euch selbst geb\u00fchrend zu zelebrieren. Das geht bekanntlich am besten mit Freunden und fernab von zu Hause. Mit anderen Worten: Es geht auf Abifahrt!<\/p>\n<p>Stellt euch vor, wie ihr so da liegt \u2013 warmer Sand zwischen den Zehen und eine leichte Brise, die sich \u00fcber eure Gesichter legt. Die Wellen rauschen im Hintergrund und gemeinsam mit euren Freunden genie\u00dft ihr ein k\u00fchles Bierchen unter der warmen Mittelmeersonne. Schnell noch ein leckeres Abendessen passend zum Sonnenuntergang und dann wird die Partymeile aufgemischt. Kurz: Eine Woche lang sorglos unter Palmen.<\/p>\n<h2>Planung der Abifahrt<\/h2>\n<p>Solltet ihr euch f\u00fcr einen gemeinsamen Urlaub entscheiden, ist es f\u00fcr gew\u00f6hnlich das einfachste, wenn ihr dar\u00fcber abstimmt, an welchen Ort es gehen soll. Klassische Zielorte f\u00fcr eine Abifahrt sind Spanien, Kroatien, Bulgarien, Italien oder die T\u00fcrkei. F\u00fcr welches Land und welchen genauen Ort ihr euch im einzelnen entscheidet h\u00e4ngt nat\u00fcrlich von euren pers\u00f6nlichen Pr\u00e4ferenzen ab. Wenn ihr euch von der schier endlos erscheinenden Zahl von M\u00f6glichkeiten und dem Organisationsaufwand f\u00fcr eine gr\u00f6\u00dfere Reisegruppe \u00fcberw\u00e4ltigt f\u00fchlt, ist es immer ratsam ein lokales Reiseb\u00fcro aufzusuchen. Die Mitarbeiter in Reiseb\u00fcros sind Experten auf ihrem Gebiet und k\u00f6nnen euch mit Tipps und Tricks zur Seite stehen. Hier k\u00f6nnt ihr euch unter anderem unverbindlich und kostenlos diverse Angebote f\u00fcr verschiedene Zielorte raussuchen lassen und diese gemeinsam in der Gruppe besprechen.<\/p>\n<p>Achtet dabei auch auf Vielfalt: M\u00f6chtet ihr beispielsweise einen Partyurlaub oder soll es ruhiger zugehen? \u00dcbernachtet ihr im Hotel oder mietet ihr euch gemeinsam eine Ferienwohnung? Wie zentral wollt ihr wohnen und wie funktioniert der Transport vor Ort? All diese Dinge solltet ihr im Vorfeld kl\u00e4ren, damit ihr\u00a0\u2013 erstmal angekommen \u2013\u00a0so wenig Aufwand wie m\u00f6glich betreiben m\u00fcsst.<\/p>\n<p>F\u00fcr den Fall, dass ihr doch schon recht genaue Vorstellungen davon habt, wie die Reise aussehen soll, k\u00f6nnt ihr beispielsweise online nach Reiseveranstaltern, Fl\u00fcgen, Hotels und Programmpunkten suchen. Im Idealfall versucht ihr eine grobe Kostenkalkulation aufzustellen. Denn nicht jeder m\u00f6chte gleich viel f\u00fcr einen Urlaub bezahlen. Ein hoher Preis k\u00f6nnte einige in der Gruppe abschrecken, was eine ver\u00e4nderte Teilnehmerzahl und damit eventuell auch andere Preise zur Folge haben k\u00f6nnte.<\/p>\n<p>Kostenpunkte, die ihr in eurer Planung ber\u00fccksichtigen solltet (kein Pauschalangebot):<\/p>\n<ul>\n<li>Flug (und Transport zu und vom Flughafen in Deutschland und im Ausland)<\/li>\n<li>Hotel (nur \u00dcbernachtung, mit Fr\u00fchst\u00fcck, Halbpension oder All Inclusive?)<\/li>\n<li>Ausfl\u00fcge und andere Freizeitangebote<\/li>\n<li>Speisen und Getr\u00e4nke<\/li>\n<\/ul>\n<h2>Die Abifahrt buchen<\/h2>\n<p>Seid ihr erst einmal soweit in der Planung, dass es an die Buchung geht, gilt es zu \u00fcberlegen, wie diese so unkompliziert wie m\u00f6glich ablaufen kann. Im besten Fall k\u00f6nnt ihr den gemeinsamen Urlaub separat buchen. So muss jeder selbst Sorge daf\u00fcr tragen, dass die entsprechenden Kosten f\u00fcr Fl\u00fcge, Hotels (oder das Gesamtpaket) rechtzeitig \u00fcberwiesen werden. Au\u00dferdem haftet ihr jeder f\u00fcr sich, sollten Betr\u00e4ge nach der Buchung nicht im vorgegebenen Zeitraum bei den jeweiligen Unternehmen eingegangen sein.<\/p>\n<p>Sollten separate Buchungen nicht m\u00f6glich sein, muss sich jemanden in der Gruppe bereit erkl\u00e4ren, die Buchung durchzuf\u00fchren. Hier ist es sehr wichtig, dass alle Personen, f\u00fcr die ihr die Reise bucht, euer Vertrauen genie\u00dfen. Als buchende Person m\u00fcsst ihr sicherstellen, dass alle anteiligen Betr\u00e4ge an euch gezahlt werden, bevor ihr die Zahlungen an die jeweiligen Unternehmen leisten m\u00fcsst. Setzt euren Freunden dazu eine feste Deadline, bis zu der das Geld bei euch angekommen sein soll. Plant hierbei gen\u00fcgend Puffer ein, um nicht in Verzug zu geraten. Denn seien wir ehrlich: In jeder Gruppe sind Personen dabei, die Deadlines nur schlecht einhalten.<\/p>\n<h3>Absicherung der Abifahrt<\/h3>\n<p>Um euch abzusichern, solltet ihr Angebote f\u00fcr Reiser\u00fccktrittsversicherungen einholen und eine buchen, bei der ihr im Falle von Ausf\u00e4llen so viel wie nur m\u00f6glich von eurem Geld erstattet bekommt. Es kann immer mal zu Ausnahmesituationen kommen, in der eine oder mehrere Personen aus eurer Gruppe die Reise nicht antreten k\u00f6nnen. In dem Fall w\u00e4re es schade, wenn diesen nicht zumindest einen Teil der Kosten erspart bliebe.<\/p>\n<p>Auch bei euren Mitreisenden solltet ihr euch absichern, dass alle die gleichen Vorstellungen haben. Fahrt nur mit Freunden, auf die ihr euch verlassen k\u00f6nnt \u2013 sei es, was die Buchung aber auch den Aufenthalt vor Ort angeht. Das letzte, was ihr auf eurer Abifahrt braucht, ist Drama!<\/p>\n<p>Wenn ihr diese Punkte beachtet, sollte bei der Planung eurer Abifahrt nichts mehr schiefgehen. Wir w\u00fcnschen euch jetzt schon viel Spa\u00df unter Palmen.<\/p>\n","protected":false},"excerpt":{"rendered":"<p>Der richtige Zeitpunkt f\u00fcr eine Abifahrt Eine Abifahrt bietet sich an, wenn ihr nach Ende eurer Schulzeit ein paar Wochen im Sommer Zeit habt. Gemeinsam mit euren engsten Freunden \u2013 oder aber auch mit der gesamten Stufe \u2013 k\u00f6nnt ihr besprechen, ob ihr als Gruppe Urlaub machen m\u00f6chtet. Jahrelang habt ihr die Schulbank gedr\u00fcckt. Jetzt [&hellip;]<\/p>\n","protected":false},"author":1,"featured_media":0,"parent":0,"menu_order":0,"comment_status":"closed","ping_status":"closed","template":"","meta":[],"_links":{"self":[{"href":"https:\/\/studyhelp.de\/abitur-ratgeber\/wp-json\/wp\/v2\/pages\/287"}],"collection":[{"href":"https:\/\/studyhelp.de\/abitur-ratgeber\/wp-json\/wp\/v2\/pages"}],"about":[{"href":"https:\/\/studyhelp.de\/abitur-ratgeber\/wp-json\/wp\/v2\/types\/page"}],"author":[{"embeddable":true,"href":"https:\/\/studyhelp.de\/abitur-ratgeber\/wp-json\/wp\/v2\/users\/1"}],"replies":[{"embeddable":true,"href":"https:\/\/studyhelp.de\/abitur-ratgeber\/wp-json\/wp\/v2\/comments?post=287"}],"version-history":[{"count":19,"href":"https:\/\/studyhelp.de\/abitur-ratgeber\/wp-json\/wp\/v2\/pages\/287\/revisions"}],"predecessor-version":[{"id":3270,"href":"https:\/\/studyhelp.de\/abitur-ratgeber\/wp-json\/wp\/v2\/pages\/287\/revisions\/3270"}],"wp:attachment":[{"href":"https:\/\/studyhelp.de\/abitur-ratgeber\/wp-json\/wp\/v2\/media?parent=287"}],"curies":[{"name":"wp","href":"https:\/\/api.w.org\/{rel}","templated":true}]}}