{"id":7,"date":"2016-09-30T09:39:35","date_gmt":"2016-09-30T07:39:35","guid":{"rendered":"https:\/\/www.studyhelp.de\/schule\/?page_id=7"},"modified":"2023-06-07T14:28:53","modified_gmt":"2023-06-07T12:28:53","slug":"abiball","status":"publish","type":"page","link":"https:\/\/studyhelp.de\/abitur-ratgeber\/abiball\/","title":{"rendered":"Abiball"},"content":{"rendered":"<h2>Der Abiball &#8211; Ein Abend zum Erinnern<\/h2>\n<p>Der Abiball ist euer letzter gemeinsamer Abend den ihr gemeinsam mit Familie und Freunden verbringt. Ihr habt den ersten Abschnitt in eurem Leben als Sch\u00fcler gemeistert und euer Abitur bestanden. Deswegen sollte dieser Abschlussball f\u00fcr euch so gestaltet sein, dass ihr m\u00f6glichst wenig Arbeit damit habt und die Party direkt genie\u00dfen k\u00f6nnt.<\/p>\n<h2>Wie plant man einen Abiball?<\/h2>\n<p>Da ihr nat\u00fcrlich nicht die einzigen seid, die zu der Zeit ihr Abitur mit einem Abiball beenden wollen, solltet ihr euch fr\u00fchestm\u00f6glich um eine Location k\u00fcmmern. Am besten fragt ihr direkt 1-2 Jahre im Voraus \u00fcberall an, wo ihr gern feiern w\u00fcrdet.<\/p>\n<p>Eine wichtige Frage, die ihr vorab kl\u00e4ren m\u00fcsst: Soll der Abiball eine ruhige Veranstaltung sein, oder wollt ihr eine Party daraus machen? Auch eine Mischung aus Party und ruhiger Veranstaltung ist f\u00fcr einen Abiball denkbar.<\/p>\n<p>So k\u00f6nnt ihr beispielsweise erst ein ruhiges, unterhaltsames Programm ausarbeiten und danach dann bis sp\u00e4t in die Nacht eine ausgelassene Party feiern. Viele Abiturienten entscheiden sich auch daf\u00fcr, erst ihren Abiball abzuhalten und danach gemeinsam eine Diskothek zu besuchen, um dort Party zu machen.<\/p>\n<h3>Anschlie\u00dfend solltet ihr euch mit jedem Verantwortlichen der Location treffen und die Bedingungen abstecken:<\/h3>\n<ul>\n<li>Welchen Preis pro Person zahlt ihr?<\/li>\n<li>Wie viele Personen darf jeder mitnehmen?<\/li>\n<li>Wann soll der Abend beginnen?<\/li>\n<li>Wer \u00fcbernimmt das Catering?<\/li>\n<li>Was soll es zu essen geben? Buffet oder Dinner?<\/li>\n<li>Wer k\u00fcmmert sich um die Deko?<\/li>\n<li>Soll es ein Motto geben?<\/li>\n<li>Wer kellnert an dem Abend?<\/li>\n<li>Gibt es eine Garderobe?<\/li>\n<li>Wer macht Musik? DJ oder Band?<\/li>\n<li>Welche Musik soll gespielt werden?<\/li>\n<li>Bis wann soll die Location gebucht werden?<\/li>\n<li>Wie sollen die Tische angeordnet sein?<\/li>\n<li>Soll es einen Er\u00f6ffnungstanz geben, wenn ja, soll es noch einen Tanzkurs geben?<\/li>\n<li>Soll es eine Ehrung der Lehrer geben? Sollen dabei Pr\u00e4sente verteilt werden?<\/li>\n<li>Soll es einen Fotografen geben? Wenn ja, was kostet dieser? Mit Fotowand? Gimmicks?<\/li>\n<li>Wer r\u00e4umt am n\u00e4chsten Tag auf?<\/li>\n<li>Wer tritt als Veranstalter auf? Denkt an eine Veranstaltungsversicherung.<\/li>\n<\/ul>\n<p>Lasst euch von jeder Location einen Kostenvoranschlag geben, um einen guten und vergleichbaren \u00dcberblick zu erhalten. Weitere Tipps zu euren Finanzen findet ihr <a href=\"http:\/\/www.neuemasche.com\/abi\/abiball\/abiball-finanzieren\/\">hier<\/a>.<br \/>\nDa diese Veranstaltung f\u00fcr alle aus eurem Jahrgang ist, solltet ihr auch regelm\u00e4\u00dfig Stufentreffen abhalten, damit alle ihre Ideen einbringen k\u00f6nnen. Die endg\u00fcltige Entscheidung solltet aber ihr als Komitee treffen.<br \/>\nDer Abiball kostet eine Menge Geld, deshalb solltet ihr bereits im Vorfeld am besten monatlich einen kleinen Betrag pro Person auf das Stufenkonto zahlen. Das entlastet euch am Ende und ihr m\u00fcsst nur noch die Karten f\u00fcr eure Familien kaufen.<\/p>\n<p>&nbsp;<\/p>\n<h2>Programmplanung f\u00fcr euren Abiball<\/h2>\n<ul>\n<li>Das Programm f\u00fcr den Abiball wird von euch Abiturienten bestimmt. Traditionell er\u00f6ffnen die ehemaligen Sch\u00fcler den Abschlussball mit einem Er\u00f6ffnungstanz.<\/li>\n<li>Das restliche Abendprogramm wird auch durch euer Abimotto vorbestimmt. Denkt also bei der Wahl eures Abimottos auch daran, dass sich dieses auf eure gesamte restliche Planung auswirkt. Mehr zum Thema Abimotto findet ihr <a href=\"https:\/\/studyhelp.de\/abitur-ratgeber\/abi-motto\/\">hier<\/a>.<\/li>\n<li>Am Ende ist der Abiball f\u00fcr euch Absolventen gedacht, sodass ihr das Programm nat\u00fcrlich so organisiert, dass es allen zusagt. Das Komitee kann die Programmpunkte mit dem kompletten Jahrgang besprechen, um alle Ideen mit einflie\u00dfen zu lassen und einen Abschlussball f\u00fcr alle Abiturienten zu gestalten.<\/li>\n<li>In eurem Programmplan f\u00fcr den Abiball muss Platz f\u00fcr Ehrungen und Reden bleiben. Wenn ihr einen bestimmten Abiturienten, oder einen bestimmten Lehrer ehren wollt, solltet ihr das als festen Programmpunkt einplanen.<\/li>\n<li>Denkt daran, dass das Programm den ganzen Abend unterhaltend sein sollte. Rede an Rede ist f\u00fcr den Gast langweilig, deshalb sind witzige und spannende Programmpunkte dazwischen wichtig.<\/li>\n<li>Haltet euch an euren Programmplan und hangelt euch von Programmpunkt, zu Programmpunkt, um ein strukturiertes Gesamtbild zu erschaffen.<\/li>\n<\/ul>\n<p>&nbsp;<\/p>\n<h2>Abiball \u2013 Schlemmen und Tanzen<\/h2>\n<p>Neben der Programmplanung f\u00fcr euren Abiball sind auch das Catering und die Musik wichtig, damit euer Abschlussball zu einem vollen Erfolg wird.<\/p>\n<p>Bei dem Catering und auch bei der Musik muss vorher abgekl\u00e4rt werden, ob diese von der Location gestellt werden. Wenn dies nicht der Falls ist, muss mit dem Betreiber der Location geplant werden, wer das Catering und die Musik \u00fcbernimmt. Au\u00dferdem wird gekl\u00e4rt wo und wie das Ganze aufgebaut werden soll.<br \/>\nBei vielen Catering \u2013Services kann man vorher eine Probeverkostung des Essens machen. Dies ist ratsam, damit man auf eurem Abiball auch gutes Essen genie\u00dfen kann.\u00a0 Au\u00dferdem muss die Entscheidung gef\u00e4llt werden, ob ihr ein Buffet wollt, oder lieber ein Dinner. Spezielle Vorlieben oder Allergien m\u00fcssen au\u00dferdem auch beachtet werden, damit alle G\u00e4ste auf eurem Abiball zufrieden sind.<\/p>\n<p>Bei der Musik habt ihr die Wahl, ob ihr eine Band spielen lassen wollt, oder lieber einen DJ. Vielleicht entscheidet ihr euch auf f\u00fcr beides. Auf vielen Abschlussb\u00e4llen begleitet eine Band w\u00e4hrend des Essens und sp\u00e4ter am Abend feiert ihr eine ausgelassene Party mit einem DJ.<br \/>\nDen sch\u00f6nsten Abiball \u2013 Erinnerungen<\/p>\n<p>Leider geht auch der sch\u00f6nste Abiball einmal zu Ende. Doch sicherlich wollt ihr auch in 20 Jahren noch sch\u00f6ne Erinnerungen an euren Abschluss haben.<br \/>\nEinen Fotografen zu engagieren, der euch professionelle Fotos schie\u00dft, ist eine gute M\u00f6glichkeit, den Abend in Bildern festzuhalten. Allerdings ist das nat\u00fcrlich die Standardvariante der Erinnerungsbewahrung.<br \/>\nHeutzutage gibt es g\u00fcnstige Einmalkameras, die ihr auf jeden Tisch legen k\u00f6nnt. Damit kann jeder \u00fcber den Abend verteilt Fotos machen, sodass am Ende eine einzigartige Sammlung an Bildern herauskommt. Das Komitee vom Abiball sammelt am Ende alle Kameras ein und bestellt Abz\u00fcge f\u00fcr jeden Abiturienten, der sie haben m\u00f6chte. Das ist eine viel pers\u00f6nlichere Art von Erinnerung, die zudem noch Spa\u00df f\u00fcr die Abiturienten und auch die G\u00e4ste mit sich bringt. Der professionelle Fotograf muss deshalb nat\u00fcrlich nicht weichen. In unseren DIY Tipps haben wir auch eine Idee f\u00fcr eine selbstgemachte Fotobox.<\/p>\n<p>&nbsp;<\/p>\n<h2>Abendgarderobe \u2013 Kleider machen Leute<\/h2>\n<p>Bei eurem Abiball ist Abendgarderobe f\u00fcr die Abiturienten nat\u00fcrlich Pflicht. Auf einem Abschlussball tragen die Damen meist lange Abendroben und hohe Schuhe (als Backup eignen sich Ballerina).\u00a0 Die Herren tragen meist Anzug.<br \/>\nGerade f\u00fcr die Damen ist es wichtig, dass sie fr\u00fch genug vor dem Abschlussball auf Kleidersuche gehen, weil viele Abiturienten kurz vor dem Abiball Kleider kaufen. Das garantiert euch eine gro\u00dfe Auswahl an Kleidern und ihr seid mit eurem Kleid f\u00fcr den Abiball auch wirklich zufrieden.<\/p>\n<p>&nbsp;<\/p>\n<h2>Do It Yourself Abiball-Tipps<\/h2>\n<p>Um euren Abiball zu einem richtig fetten Event zu machen, geh\u00f6ren neben Getr\u00e4nken, Catering, Musik und vielem mehr auch eine gelungene Deko und Entertainment. In dem Punkt k\u00f6nnt ihr richtig Kohle sparen indem ihr einfach selber Hand anlegt. Wir haben drei Do It Yourself Tipps f\u00fcr euch zusammengefasst.<\/p>\n<h2>DIY Abiball-Tipp 1: Dekoration<\/h2>\n<p>Unser Allrounder-Tipp: Flaschen sammeln! Und damit meinen wir keine Pfandflaschen \u2013 das geh\u00f6rt wohl eher in die Rubrik \u201aKohle machen\u2018.<\/p>\n<p>Animiert eure Mitsch\u00fcler, Eltern, Verwandte und Bekannte sch\u00f6ne, ausgefallene oder einfach gleichartige Flaschen oder Einmachgl\u00e4ser aufzubewahren (zum Beispiel gr\u00fcne, schlanke Weinflaschen um es einheitlich zu gestalten). Die gesammelten Flaschen m\u00fcsst ihr waschen, um Ger\u00fcche zu vermeiden. Bei der Gelegenheit bietet es sich an, sie direkt in lauwarmem Seifenwasser einzulegen, um daraufhin die Etiketten zu entfernen. Jetzt k\u00f6nnt ihr Flaschen entweder lackieren oder neu bekleben, oder beides. Besonders edel wirkt matt-schwarzer oder goldener Lack. F\u00fcr eine romantische Atmosph\u00e4re beklebt ihr die Flaschen zum Beispiel mit heller Spitzenbord\u00fcre. Die kriegt ihr g\u00fcnstig online oder in Bastell\u00e4den.<\/p>\n<p>Jetzt k\u00f6nnt ihr die Flaschen auf eurem Abiball zum Beispiel als Blumenvase oder Kerzenst\u00e4nder verwenden. Eine weitere M\u00f6glichkeit ist es, neue Etiketten auf die Flaschen zu kleben, und sie als Tisch- oder Men\u00fckarten zu nutzen.<\/p>\n<h2>DIY Abiball-Tipp 2: Blumen<\/h2>\n<p>Ein weiterer DIY-Tipp: Verzichtet beim Abiball auf teure Schnittblumen! \u201eGreenery\u201c hei\u00dft der Trend, der auch bei Hochzeiten sehr angesagt ist, und besonderen Wert auf \u201aGr\u00fcnes\u2018 und Nat\u00fcrliches legt. Ihr dekoriert einfach mit frischen, gr\u00fcnen (und vor allem kosteng\u00fcnstigen) Bl\u00e4ttern und Zweigen. Das passende Material findet ihr in der Blumen-Kategorie \u201aBeiwerk\u2018 oder vor eurer Haust\u00fcr, im Wald, oder sonst wo in der Natur.<\/p>\n<h2>DIY Abiball-Tipp 3: Fotobox<\/h2>\n<p>Um den unvergesslichen Abend des Abiballs in Bildern festzuhalten darf eine Fotobox nicht fehlen! Dazu k\u00f6nnt ihr entweder eine professionelle Box mit Equipment mieten oder selbst eine Foto-Station basteln.<\/p>\n<p>Am besten fragt ihr eure Mitsch\u00fcler, Eltern und Verwandte, ob jemand eine gute Kamera mit Stativ hat, die er euch leihen w\u00fcrde. Im besten Fall hat die Kamera eine Zeitschalt-Funktion, dann k\u00f6nnen alle fotow\u00fctigen mit aufs Bild. Um nicht vor einer wei\u00dfen Wand oder sonst einer h\u00e4sslichen Kulisse zu stehen, pimpt ihr den Hintergrund ein bisschen auf. Dazu eignet sich im einfachsten Fall ein wei\u00dfes Laken, das l\u00e4sst die Kulisse weicher wirken. Wenn ihr m\u00f6gt, k\u00f6nnt ihr das Laken vorher bemalen oder beschriften. Oder ihr bastelt einen Vorhang aus verschiedenen breiten Schleifenb\u00e4ndern. Sucht euch am besten ein Farbmotiv aus, damit es nicht zu bunt wird. Oder besorgt euch einen Lichterketten-Vorhang. Den k\u00f6nnt ihr preisg\u00fcnstig im Internet bestellen.<\/p>\n<p>Die Koordination der DIY-Aktionen \u00fcbernimmt am besten das Team, das den Abiball organisiert. Sucht euch bei der Umsetzung reichlich Unterst\u00fctzung bei euren Mitsch\u00fclern. Schlie\u00dflich wollen alle, dass es ein gelungener Abend wird. Los geht&#8217;s!<\/p>\n<p>&nbsp;<\/p>\n<p>Mit diesen Tipps und Tricks wird euer Abiball eine unvergessliche Veranstaltung, die einen w\u00fcrdigen Abschluss f\u00fcr eure Schulzeit darstellen wird.<\/p>\n","protected":false},"excerpt":{"rendered":"<p>Der Abiball &#8211; Ein Abend zum Erinnern Der Abiball ist euer letzter gemeinsamer Abend den ihr gemeinsam mit Familie und Freunden verbringt. Ihr habt den ersten Abschnitt in eurem Leben als Sch\u00fcler gemeistert und euer Abitur bestanden. Deswegen sollte dieser Abschlussball f\u00fcr euch so gestaltet sein, dass ihr m\u00f6glichst wenig Arbeit damit habt und die [&hellip;]<\/p>\n","protected":false},"author":1,"featured_media":0,"parent":0,"menu_order":0,"comment_status":"closed","ping_status":"closed","template":"","meta":[],"_links":{"self":[{"href":"https:\/\/studyhelp.de\/abitur-ratgeber\/wp-json\/wp\/v2\/pages\/7"}],"collection":[{"href":"https:\/\/studyhelp.de\/abitur-ratgeber\/wp-json\/wp\/v2\/pages"}],"about":[{"href":"https:\/\/studyhelp.de\/abitur-ratgeber\/wp-json\/wp\/v2\/types\/page"}],"author":[{"embeddable":true,"href":"https:\/\/studyhelp.de\/abitur-ratgeber\/wp-json\/wp\/v2\/users\/1"}],"replies":[{"embeddable":true,"href":"https:\/\/studyhelp.de\/abitur-ratgeber\/wp-json\/wp\/v2\/comments?post=7"}],"version-history":[{"count":34,"href":"https:\/\/studyhelp.de\/abitur-ratgeber\/wp-json\/wp\/v2\/pages\/7\/revisions"}],"predecessor-version":[{"id":3271,"href":"https:\/\/studyhelp.de\/abitur-ratgeber\/wp-json\/wp\/v2\/pages\/7\/revisions\/3271"}],"wp:attachment":[{"href":"https:\/\/studyhelp.de\/abitur-ratgeber\/wp-json\/wp\/v2\/media?parent=7"}],"curies":[{"name":"wp","href":"https:\/\/api.w.org\/{rel}","templated":true}]}}